{"id":703,"date":"2021-08-22T13:47:59","date_gmt":"2021-08-22T13:47:59","guid":{"rendered":"http:\/\/localhost\/wordpress\/blog-copy\/"},"modified":"2021-10-05T20:36:07","modified_gmt":"2021-10-05T20:36:07","slug":"medias","status":"publish","type":"page","link":"https:\/\/avocat-ancel.com\/en\/medias\/","title":{"rendered":"M\u00e9dias"},"content":{"rendered":"<div data-elementor-type=\"wp-page\" data-elementor-id=\"703\" class=\"elementor elementor-703\">\n\t\t\t\t\t\t\t\t\t<section class=\"elementor-section elementor-top-section elementor-element elementor-element-09bb40f elementor-section-boxed elementor-section-height-default elementor-section-height-default\" data-id=\"09bb40f\" data-element_type=\"section\">\n\t\t\t\t\t\t<div class=\"elementor-container elementor-column-gap-default\">\n\t\t\t\t\t<div class=\"elementor-column elementor-col-100 elementor-top-column elementor-element elementor-element-18599be\" data-id=\"18599be\" data-element_type=\"column\">\n\t\t\t<div class=\"elementor-widget-wrap elementor-element-populated\">\n\t\t\t\t\t\t\t\t<div class=\"elementor-element elementor-element-df781f0 elementor-widget elementor-widget-heading\" data-id=\"df781f0\" data-element_type=\"widget\" data-widget_type=\"heading.default\">\n\t\t\t\t<div class=\"elementor-widget-container\">\n\t\t\t<h2 class=\"elementor-heading-title elementor-size-default\">Interventions dans les journaux et m\u00e9dias<\/h2>\t\t<\/div>\n\t\t\t\t<\/div>\n\t\t\t\t\t<\/div>\n\t\t<\/div>\n\t\t\t\t\t\t\t<\/div>\n\t\t<\/section>\n\t\t\t\t<section class=\"elementor-section elementor-top-section elementor-element elementor-element-8e8faff elementor-section-boxed elementor-section-height-default elementor-section-height-default\" data-id=\"8e8faff\" data-element_type=\"section\">\n\t\t\t\t\t\t<div class=\"elementor-container elementor-column-gap-default\">\n\t\t\t\t\t<div class=\"elementor-column elementor-col-100 elementor-top-column elementor-element elementor-element-3042277\" data-id=\"3042277\" data-element_type=\"column\">\n\t\t\t<div class=\"elementor-widget-wrap elementor-element-populated\">\n\t\t\t\t\t\t\t\t<div class=\"elementor-element elementor-element-13bfc75 elementor-grid-4 elementor-grid-tablet-2 elementor-grid-mobile-1 elementor-posts--thumbnail-top elementor-card-shadow-yes elementor-posts__hover-gradient elementor-widget elementor-widget-posts\" data-id=\"13bfc75\" data-element_type=\"widget\" data-settings=\"{&quot;cards_columns&quot;:&quot;4&quot;,&quot;cards_columns_tablet&quot;:&quot;2&quot;,&quot;cards_columns_mobile&quot;:&quot;1&quot;,&quot;cards_row_gap&quot;:{&quot;unit&quot;:&quot;px&quot;,&quot;size&quot;:35,&quot;sizes&quot;:[]},&quot;cards_row_gap_tablet&quot;:{&quot;unit&quot;:&quot;px&quot;,&quot;size&quot;:&quot;&quot;,&quot;sizes&quot;:[]},&quot;cards_row_gap_mobile&quot;:{&quot;unit&quot;:&quot;px&quot;,&quot;size&quot;:&quot;&quot;,&quot;sizes&quot;:[]}}\" data-widget_type=\"posts.cards\">\n\t\t\t\t<div class=\"elementor-widget-container\">\n\t\t\t\t\t<div class=\"elementor-posts-container elementor-posts elementor-posts--skin-cards elementor-grid\">\n\t\t\t\t<article class=\"elementor-post elementor-grid-item post-1018 post type-post status-publish format-standard has-post-thumbnail hentry category-media\">\n\t\t\t<div class=\"elementor-post__card\">\n\t\t\t\t<a class=\"elementor-post__thumbnail__link\" href=\"https:\/\/avocat-ancel.com\/en\/2021\/10\/07\/le-parisien\/\" ><div class=\"elementor-post__thumbnail\"><img loading=\"lazy\" decoding=\"async\" width=\"604\" height=\"395\" src=\"https:\/\/avocat-ancel.com\/wp-content\/uploads\/2021\/10\/PARISIEN.jpg\" class=\"attachment-full size-full wp-image-1019\" alt=\"\" srcset=\"https:\/\/avocat-ancel.com\/wp-content\/uploads\/2021\/10\/PARISIEN.jpg 604w, https:\/\/avocat-ancel.com\/wp-content\/uploads\/2021\/10\/PARISIEN-300x196.jpg 300w, https:\/\/avocat-ancel.com\/wp-content\/uploads\/2021\/10\/PARISIEN-16x10.jpg 16w\" sizes=\"auto, (max-width: 604px) 100vw, 604px\" \/><\/div><\/a>\n\t\t\t\t<div class=\"elementor-post__text\">\n\t\t\t\t<h1 class=\"elementor-post__title\">\n\t\t\t<a href=\"https:\/\/avocat-ancel.com\/en\/2021\/10\/07\/le-parisien\/\" >\n\t\t\t\tLe Parisien\t\t\t<\/a>\n\t\t<\/h1>\n\t\t\t\t<div class=\"elementor-post__excerpt\">\n\t\t\t<p>Maitre ANCEL&nbsp;a \u00e9t\u00e9 consult\u00e9 sur la probl\u00e9matique des pensions alimentaires&nbsp; L\u2019EXPERT VOUS REPOND. Puis-je demander une pension alimentaire cinq ans apr\u00e8s mon divorce ? Il<\/p>\n\t\t<\/div>\n\t\t\n\t\t<a class=\"elementor-post__read-more\" href=\"https:\/\/avocat-ancel.com\/en\/2021\/10\/07\/le-parisien\/\" aria-label=\"Read more about Le Parisien\" >\n\t\t\tLIRE L'ARTICLE\t\t<\/a>\n\n\t\t\t\t<\/div>\n\t\t\t\t\t<\/div>\n\t\t<\/article>\n\t\t\t\t<article class=\"elementor-post elementor-grid-item post-1005 post type-post status-publish format-standard has-post-thumbnail hentry category-media\">\n\t\t\t<div class=\"elementor-post__card\">\n\t\t\t\t<a class=\"elementor-post__thumbnail__link\" href=\"https:\/\/avocat-ancel.com\/en\/2021\/10\/05\/cour-europeenne-des-droits-de-lhomme\/\" ><div class=\"elementor-post__thumbnail\"><img loading=\"lazy\" decoding=\"async\" width=\"362\" height=\"139\" src=\"https:\/\/avocat-ancel.com\/wp-content\/uploads\/2021\/10\/court.png\" class=\"attachment-full size-full wp-image-1006\" alt=\"\" srcset=\"https:\/\/avocat-ancel.com\/wp-content\/uploads\/2021\/10\/court.png 362w, https:\/\/avocat-ancel.com\/wp-content\/uploads\/2021\/10\/court-300x115.png 300w, https:\/\/avocat-ancel.com\/wp-content\/uploads\/2021\/10\/court-16x6.png 16w\" sizes=\"auto, (max-width: 362px) 100vw, 362px\" \/><\/div><\/a>\n\t\t\t\t<div class=\"elementor-post__text\">\n\t\t\t\t<h1 class=\"elementor-post__title\">\n\t\t\t<a href=\"https:\/\/avocat-ancel.com\/en\/2021\/10\/05\/cour-europeenne-des-droits-de-lhomme\/\" >\n\t\t\t\tCour europ\u00e9enne des droits de l&rsquo;homme\t\t\t<\/a>\n\t\t<\/h1>\n\t\t\t\t<div class=\"elementor-post__excerpt\">\n\t\t\t<p>Maitre ANCEL a \u00e9t\u00e9 cit\u00e9 par la CEDH sur les questions de violences conjugales et de changement d&rsquo;\u00e9tat civil<\/p>\n\t\t<\/div>\n\t\t\n\t\t<a class=\"elementor-post__read-more\" href=\"https:\/\/avocat-ancel.com\/en\/2021\/10\/05\/cour-europeenne-des-droits-de-lhomme\/\" aria-label=\"Read more about Cour europ\u00e9enne des droits de l&rsquo;homme\" >\n\t\t\tLIRE L'ARTICLE\t\t<\/a>\n\n\t\t\t\t<\/div>\n\t\t\t\t\t<\/div>\n\t\t<\/article>\n\t\t\t\t<article class=\"elementor-post elementor-grid-item post-1001 post type-post status-publish format-standard has-post-thumbnail hentry category-media\">\n\t\t\t<div class=\"elementor-post__card\">\n\t\t\t\t<a class=\"elementor-post__thumbnail__link\" href=\"https:\/\/avocat-ancel.com\/en\/2021\/10\/05\/code-penal\/\" ><div class=\"elementor-post__thumbnail\"><img loading=\"lazy\" decoding=\"async\" width=\"438\" height=\"666\" src=\"https:\/\/avocat-ancel.com\/wp-content\/uploads\/2021\/10\/code-penale-1.jpg\" class=\"attachment-full size-full wp-image-1024\" alt=\"\" srcset=\"https:\/\/avocat-ancel.com\/wp-content\/uploads\/2021\/10\/code-penale-1.jpg 438w, https:\/\/avocat-ancel.com\/wp-content\/uploads\/2021\/10\/code-penale-1-197x300.jpg 197w, https:\/\/avocat-ancel.com\/wp-content\/uploads\/2021\/10\/code-penale-1-8x12.jpg 8w\" sizes=\"auto, (max-width: 438px) 100vw, 438px\" \/><\/div><\/a>\n\t\t\t\t<div class=\"elementor-post__text\">\n\t\t\t\t<h1 class=\"elementor-post__title\">\n\t\t\t<a href=\"https:\/\/avocat-ancel.com\/en\/2021\/10\/05\/code-penal\/\" >\n\t\t\t\tCode p\u00e9nal\t\t\t<\/a>\n\t\t<\/h1>\n\t\t\t\t<div class=\"elementor-post__excerpt\">\n\t\t\t<p>Maitre ANCEL a \u00e9t\u00e9 cit\u00e9 dans le code p\u00e9nal pour les violences conjugales.<\/p>\n\t\t<\/div>\n\t\t\n\t\t<a class=\"elementor-post__read-more\" href=\"https:\/\/avocat-ancel.com\/en\/2021\/10\/05\/code-penal\/\" aria-label=\"Read more about Code p\u00e9nal\" >\n\t\t\tLIRE L'ARTICLE\t\t<\/a>\n\n\t\t\t\t<\/div>\n\t\t\t\t\t<\/div>\n\t\t<\/article>\n\t\t\t\t<article class=\"elementor-post elementor-grid-item post-997 post type-post status-publish format-standard has-post-thumbnail hentry category-media\">\n\t\t\t<div class=\"elementor-post__card\">\n\t\t\t\t<a class=\"elementor-post__thumbnail__link\" href=\"https:\/\/avocat-ancel.fr\/wp-content\/uploads\/2021\/10\/re\u0301sidence-alterne\u0301e-ANCEL-20211027_153959.pdf\" ><div class=\"elementor-post__thumbnail\"><img loading=\"lazy\" decoding=\"async\" width=\"355\" height=\"500\" src=\"https:\/\/avocat-ancel.com\/wp-content\/uploads\/2021\/10\/dalloz-e1633465863732.jpg\" class=\"attachment-full size-full wp-image-998\" alt=\"\" srcset=\"https:\/\/avocat-ancel.com\/wp-content\/uploads\/2021\/10\/dalloz-e1633465863732.jpg 355w, https:\/\/avocat-ancel.com\/wp-content\/uploads\/2021\/10\/dalloz-e1633465863732-213x300.jpg 213w, https:\/\/avocat-ancel.com\/wp-content\/uploads\/2021\/10\/dalloz-e1633465863732-9x12.jpg 9w\" sizes=\"auto, (max-width: 355px) 100vw, 355px\" \/><\/div><\/a>\n\t\t\t\t<div class=\"elementor-post__text\">\n\t\t\t\t<h1 class=\"elementor-post__title\">\n\t\t\t<a href=\"https:\/\/avocat-ancel.fr\/wp-content\/uploads\/2021\/10\/re\u0301sidence-alterne\u0301e-ANCEL-20211027_153959.pdf\" >\n\t\t\t\tCode civil\t\t\t<\/a>\n\t\t<\/h1>\n\t\t\t\t<div class=\"elementor-post__excerpt\">\n\t\t\t<p>Maitre ANCEL a \u00e9t\u00e9 cit\u00e9 dans le code civil sur la r\u00e9sidence altern\u00e9e.<\/p>\n\t\t<\/div>\n\t\t\n\t\t<a class=\"elementor-post__read-more\" href=\"https:\/\/avocat-ancel.fr\/wp-content\/uploads\/2021\/10\/re\u0301sidence-alterne\u0301e-ANCEL-20211027_153959.pdf\" aria-label=\"Read more about Code civil\" >\n\t\t\tLIRE L'ARTICLE\t\t<\/a>\n\n\t\t\t\t<\/div>\n\t\t\t\t\t<\/div>\n\t\t<\/article>\n\t\t\t\t<article class=\"elementor-post elementor-grid-item post-993 post type-post status-publish format-standard has-post-thumbnail hentry category-media\">\n\t\t\t<div class=\"elementor-post__card\">\n\t\t\t\t<a class=\"elementor-post__thumbnail__link\" href=\"https:\/\/avocat-ancel.com\/en\/2021\/10\/05\/rmc\/\" ><div class=\"elementor-post__thumbnail\"><img loading=\"lazy\" decoding=\"async\" width=\"604\" height=\"254\" src=\"https:\/\/avocat-ancel.com\/wp-content\/uploads\/2021\/10\/RMC-Talk.png\" class=\"attachment-full size-full wp-image-994\" alt=\"\" srcset=\"https:\/\/avocat-ancel.com\/wp-content\/uploads\/2021\/10\/RMC-Talk.png 604w, https:\/\/avocat-ancel.com\/wp-content\/uploads\/2021\/10\/RMC-Talk-300x126.png 300w, https:\/\/avocat-ancel.com\/wp-content\/uploads\/2021\/10\/RMC-Talk-16x7.png 16w\" sizes=\"auto, (max-width: 604px) 100vw, 604px\" \/><\/div><\/a>\n\t\t\t\t<div class=\"elementor-post__text\">\n\t\t\t\t<h1 class=\"elementor-post__title\">\n\t\t\t<a href=\"https:\/\/avocat-ancel.com\/en\/2021\/10\/05\/rmc\/\" >\n\t\t\t\tRMC\t\t\t<\/a>\n\t\t<\/h1>\n\t\t\t\t<div class=\"elementor-post__excerpt\">\n\t\t\t<p>Maitre ANCEL a \u00e9t\u00e9 interview\u00e9 par RMC sur la question des pensions alimentaires<\/p>\n\t\t<\/div>\n\t\t\n\t\t<a class=\"elementor-post__read-more\" href=\"https:\/\/avocat-ancel.com\/en\/2021\/10\/05\/rmc\/\" aria-label=\"Read more about RMC\" >\n\t\t\tLIRE L'ARTICLE\t\t<\/a>\n\n\t\t\t\t<\/div>\n\t\t\t\t\t<\/div>\n\t\t<\/article>\n\t\t\t\t<article class=\"elementor-post elementor-grid-item post-987 post type-post status-publish format-standard has-post-thumbnail hentry category-media\">\n\t\t\t<div class=\"elementor-post__card\">\n\t\t\t\t<a class=\"elementor-post__thumbnail__link\" href=\"https:\/\/avocat-ancel.com\/en\/2021\/10\/04\/bnf\/\" ><div class=\"elementor-post__thumbnail\"><img loading=\"lazy\" decoding=\"async\" width=\"600\" height=\"200\" src=\"https:\/\/avocat-ancel.com\/wp-content\/uploads\/2021\/10\/France-BnF-logo.jpg\" class=\"attachment-full size-full wp-image-988\" alt=\"\" srcset=\"https:\/\/avocat-ancel.com\/wp-content\/uploads\/2021\/10\/France-BnF-logo.jpg 600w, https:\/\/avocat-ancel.com\/wp-content\/uploads\/2021\/10\/France-BnF-logo-300x100.jpg 300w, https:\/\/avocat-ancel.com\/wp-content\/uploads\/2021\/10\/France-BnF-logo-16x5.jpg 16w\" sizes=\"auto, (max-width: 600px) 100vw, 600px\" \/><\/div><\/a>\n\t\t\t\t<div class=\"elementor-post__text\">\n\t\t\t\t<h1 class=\"elementor-post__title\">\n\t\t\t<a href=\"https:\/\/avocat-ancel.com\/en\/2021\/10\/04\/bnf\/\" >\n\t\t\t\tBNF\t\t\t<\/a>\n\t\t<\/h1>\n\t\t\t\t<div class=\"elementor-post__excerpt\">\n\t\t\t<p>La BNF a cit\u00e9 Maitre&nbsp;ANCEL&nbsp;pour son article sur les violences conjugales en Europe et pour celui sur les contrats fran\u00e7ais et am\u00e9ricains face au Covid-19<\/p>\n\t\t<\/div>\n\t\t\n\t\t<a class=\"elementor-post__read-more\" href=\"https:\/\/avocat-ancel.com\/en\/2021\/10\/04\/bnf\/\" aria-label=\"Read more about BNF\" >\n\t\t\tLIRE L'ARTICLE\t\t<\/a>\n\n\t\t\t\t<\/div>\n\t\t\t\t\t<\/div>\n\t\t<\/article>\n\t\t\t\t<article class=\"elementor-post elementor-grid-item post-983 post type-post status-publish format-standard has-post-thumbnail hentry category-media\">\n\t\t\t<div class=\"elementor-post__card\">\n\t\t\t\t<a class=\"elementor-post__thumbnail__link\" href=\"https:\/\/avocat-ancel.com\/en\/2021\/10\/04\/village-de-la-justice\/\" ><div class=\"elementor-post__thumbnail\"><img loading=\"lazy\" decoding=\"async\" width=\"300\" height=\"300\" src=\"https:\/\/avocat-ancel.com\/wp-content\/uploads\/2021\/10\/village.png\" class=\"attachment-full size-full wp-image-984\" alt=\"\" srcset=\"https:\/\/avocat-ancel.com\/wp-content\/uploads\/2021\/10\/village.png 300w, https:\/\/avocat-ancel.com\/wp-content\/uploads\/2021\/10\/village-150x150.png 150w, https:\/\/avocat-ancel.com\/wp-content\/uploads\/2021\/10\/village-12x12.png 12w\" sizes=\"auto, (max-width: 300px) 100vw, 300px\" \/><\/div><\/a>\n\t\t\t\t<div class=\"elementor-post__text\">\n\t\t\t\t<h1 class=\"elementor-post__title\">\n\t\t\t<a href=\"https:\/\/avocat-ancel.com\/en\/2021\/10\/04\/village-de-la-justice\/\" >\n\t\t\t\tVillage de la justice\t\t\t<\/a>\n\t\t<\/h1>\n\t\t\t\t<div class=\"elementor-post__excerpt\">\n\t\t\t<p>Maitre\u00a0ANCEL\u00a0a \u00e9crit plusieurs articles sur le village de la justice dont certains sur le divorce pour faute<\/p>\n\t\t<\/div>\n\t\t\n\t\t<a class=\"elementor-post__read-more\" href=\"https:\/\/avocat-ancel.com\/en\/2021\/10\/04\/village-de-la-justice\/\" aria-label=\"Read more about Village de la justice\" >\n\t\t\tLIRE L'ARTICLE\t\t<\/a>\n\n\t\t\t\t<\/div>\n\t\t\t\t\t<\/div>\n\t\t<\/article>\n\t\t\t\t<article class=\"elementor-post elementor-grid-item post-791 post type-post status-publish format-standard has-post-thumbnail hentry category-media\">\n\t\t\t<div class=\"elementor-post__card\">\n\t\t\t\t<a class=\"elementor-post__thumbnail__link\" href=\"https:\/\/avocat-ancel.com\/en\/2021\/08\/28\/france-tv\/\" ><div class=\"elementor-post__thumbnail\"><img loading=\"lazy\" decoding=\"async\" width=\"598\" height=\"314\" src=\"https:\/\/avocat-ancel.com\/wp-content\/uploads\/2021\/08\/France-Television.png\" class=\"attachment-full size-full wp-image-792\" alt=\"\" srcset=\"https:\/\/avocat-ancel.com\/wp-content\/uploads\/2021\/08\/France-Television.png 598w, https:\/\/avocat-ancel.com\/wp-content\/uploads\/2021\/08\/France-Television-300x158.png 300w, https:\/\/avocat-ancel.com\/wp-content\/uploads\/2021\/08\/France-Television-16x8.png 16w\" sizes=\"auto, (max-width: 598px) 100vw, 598px\" \/><\/div><\/a>\n\t\t\t\t<div class=\"elementor-post__text\">\n\t\t\t\t<h1 class=\"elementor-post__title\">\n\t\t\t<a href=\"https:\/\/avocat-ancel.com\/en\/2021\/08\/28\/france-tv\/\" >\n\t\t\t\tFrance TV\t\t\t<\/a>\n\t\t<\/h1>\n\t\t\t\t<div class=\"elementor-post__excerpt\">\n\t\t\t<p>L&rsquo;article de Maitre ANCEL sur les violences conjugales a \u00e9t\u00e9 cit\u00e9 dans la revue de presse de France TV.<\/p>\n\t\t<\/div>\n\t\t\n\t\t<a class=\"elementor-post__read-more\" href=\"https:\/\/avocat-ancel.com\/en\/2021\/08\/28\/france-tv\/\" aria-label=\"Read more about France TV\" >\n\t\t\tLIRE L'ARTICLE\t\t<\/a>\n\n\t\t\t\t<\/div>\n\t\t\t\t\t<\/div>\n\t\t<\/article>\n\t\t\t\t<article class=\"elementor-post elementor-grid-item post-784 post type-post status-publish format-standard has-post-thumbnail hentry category-media\">\n\t\t\t<div class=\"elementor-post__card\">\n\t\t\t\t<a class=\"elementor-post__thumbnail__link\" href=\"https:\/\/avocat-ancel.com\/en\/2021\/08\/28\/assemblee-nationale\/\" ><div class=\"elementor-post__thumbnail\"><img loading=\"lazy\" decoding=\"async\" width=\"1066\" height=\"533\" src=\"https:\/\/avocat-ancel.com\/wp-content\/uploads\/2021\/08\/Assemble-nationale.png\" class=\"attachment-full size-full wp-image-785\" alt=\"\" srcset=\"https:\/\/avocat-ancel.com\/wp-content\/uploads\/2021\/08\/Assemble-nationale.png 1066w, https:\/\/avocat-ancel.com\/wp-content\/uploads\/2021\/08\/Assemble-nationale-300x150.png 300w, https:\/\/avocat-ancel.com\/wp-content\/uploads\/2021\/08\/Assemble-nationale-1024x512.png 1024w, https:\/\/avocat-ancel.com\/wp-content\/uploads\/2021\/08\/Assemble-nationale-768x384.png 768w, https:\/\/avocat-ancel.com\/wp-content\/uploads\/2021\/08\/Assemble-nationale-16x8.png 16w\" sizes=\"auto, (max-width: 1066px) 100vw, 1066px\" \/><\/div><\/a>\n\t\t\t\t<div class=\"elementor-post__text\">\n\t\t\t\t<h1 class=\"elementor-post__title\">\n\t\t\t<a href=\"https:\/\/avocat-ancel.com\/en\/2021\/08\/28\/assemblee-nationale\/\" >\n\t\t\t\tAssembl\u00e9e Nationale\t\t\t<\/a>\n\t\t<\/h1>\n\t\t\t\t<div class=\"elementor-post__excerpt\">\n\t\t\t<p>Maitre ANCEL a \u00e9t\u00e9 consult\u00e9 par l&rsquo;Assembl\u00e9e Nationale sur les violences conjugales, la r\u00e9sidence altern\u00e9e, la r\u00e9forme du divorce. \u00ab\u00a0 II.&nbsp;&nbsp;&nbsp;LA DOUBLE R\u00c9SIDENCE DOIT AUJOURD\u2019HUI<\/p>\n\t\t<\/div>\n\t\t\n\t\t<a class=\"elementor-post__read-more\" href=\"https:\/\/avocat-ancel.com\/en\/2021\/08\/28\/assemblee-nationale\/\" aria-label=\"Read more about Assembl\u00e9e Nationale\" >\n\t\t\tLIRE L'ARTICLE\t\t<\/a>\n\n\t\t\t\t<\/div>\n\t\t\t\t\t<\/div>\n\t\t<\/article>\n\t\t\t\t<article class=\"elementor-post elementor-grid-item post-712 post type-post status-publish format-standard has-post-thumbnail hentry category-media\">\n\t\t\t<div class=\"elementor-post__card\">\n\t\t\t\t<a class=\"elementor-post__thumbnail__link\" href=\"https:\/\/avocat-ancel.com\/en\/2021\/08\/22\/europe-1\/\" ><div class=\"elementor-post__thumbnail\"><img loading=\"lazy\" decoding=\"async\" width=\"1200\" height=\"441\" src=\"https:\/\/avocat-ancel.com\/wp-content\/uploads\/2021\/08\/EUROPE1.png\" class=\"attachment-full size-full wp-image-714\" alt=\"\" srcset=\"https:\/\/avocat-ancel.com\/wp-content\/uploads\/2021\/08\/EUROPE1.png 1200w, https:\/\/avocat-ancel.com\/wp-content\/uploads\/2021\/08\/EUROPE1-300x110.png 300w, https:\/\/avocat-ancel.com\/wp-content\/uploads\/2021\/08\/EUROPE1-1024x376.png 1024w, https:\/\/avocat-ancel.com\/wp-content\/uploads\/2021\/08\/EUROPE1-768x282.png 768w, https:\/\/avocat-ancel.com\/wp-content\/uploads\/2021\/08\/EUROPE1-16x6.png 16w\" sizes=\"auto, (max-width: 1200px) 100vw, 1200px\" \/><\/div><\/a>\n\t\t\t\t<div class=\"elementor-post__text\">\n\t\t\t\t<h1 class=\"elementor-post__title\">\n\t\t\t<a href=\"https:\/\/avocat-ancel.com\/en\/2021\/08\/22\/europe-1\/\" >\n\t\t\t\tEurope 1\t\t\t<\/a>\n\t\t<\/h1>\n\t\t\t\t<div class=\"elementor-post__excerpt\">\n\t\t\t<p>Maitre ANCEL a \u00e9t\u00e9 interview\u00e9 par Europe 1 en mati\u00e8re d&rsquo;\u00e9tat civil. Comment se prot\u00e9ger d\u2019un homonyme ? Victor Dhollande-Monnier 17h26, le 16 d\u00e9cembre 2014,<\/p>\n\t\t<\/div>\n\t\t\n\t\t<a class=\"elementor-post__read-more\" href=\"https:\/\/avocat-ancel.com\/en\/2021\/08\/22\/europe-1\/\" aria-label=\"Read more about Europe 1\" >\n\t\t\tLIRE L'ARTICLE\t\t<\/a>\n\n\t\t\t\t<\/div>\n\t\t\t\t\t<\/div>\n\t\t<\/article>\n\t\t\t\t<\/div>\n\t\t\n\t\t\t\t<\/div>\n\t\t\t\t<\/div>\n\t\t\t\t\t<\/div>\n\t\t<\/div>\n\t\t\t\t\t\t\t<\/div>\n\t\t<\/section>\n\t\t\t\t\t\t\t<\/div>","protected":false},"excerpt":{"rendered":"<p>Interventions dans les journaux et m\u00e9dias<\/p>","protected":false},"author":1,"featured_media":0,"parent":0,"menu_order":0,"comment_status":"closed","ping_status":"closed","template":"","meta":{"footnotes":"","_links_to":"","_links_to_target":""},"class_list":["post-703","page","type-page","status-publish","hentry"],"_links":{"self":[{"href":"https:\/\/avocat-ancel.com\/en\/wp-json\/wp\/v2\/pages\/703","targetHints":{"allow":["GET"]}}],"collection":[{"href":"https:\/\/avocat-ancel.com\/en\/wp-json\/wp\/v2\/pages"}],"about":[{"href":"https:\/\/avocat-ancel.com\/en\/wp-json\/wp\/v2\/types\/page"}],"author":[{"embeddable":true,"href":"https:\/\/avocat-ancel.com\/en\/wp-json\/wp\/v2\/users\/1"}],"replies":[{"embeddable":true,"href":"https:\/\/avocat-ancel.com\/en\/wp-json\/wp\/v2\/comments?post=703"}],"version-history":[{"count":11,"href":"https:\/\/avocat-ancel.com\/en\/wp-json\/wp\/v2\/pages\/703\/revisions"}],"predecessor-version":[{"id":1012,"href":"https:\/\/avocat-ancel.com\/en\/wp-json\/wp\/v2\/pages\/703\/revisions\/1012"}],"wp:attachment":[{"href":"https:\/\/avocat-ancel.com\/en\/wp-json\/wp\/v2\/media?parent=703"}],"curies":[{"name":"wp","href":"https:\/\/api.w.org\/{rel}","templated":true}]}}