{"id":677,"date":"2021-08-22T13:19:37","date_gmt":"2021-08-22T13:19:37","guid":{"rendered":"http:\/\/localhost\/wordpress\/divorces-copy-6\/"},"modified":"2023-07-01T20:02:29","modified_gmt":"2023-07-01T20:02:29","slug":"ventes-aux-encheres","status":"publish","type":"page","link":"https:\/\/avocat-ancel.com\/en\/ventes-aux-encheres\/","title":{"rendered":"Ventes aux ench\u00e8res"},"content":{"rendered":"<div data-elementor-type=\"wp-page\" data-elementor-id=\"677\" class=\"elementor elementor-677\">\n\t\t\t\t\t\t\t\t\t<section class=\"elementor-section elementor-top-section elementor-element elementor-element-69f13ab elementor-section-boxed elementor-section-height-default elementor-section-height-default\" data-id=\"69f13ab\" data-element_type=\"section\">\n\t\t\t\t\t\t<div class=\"elementor-container elementor-column-gap-default\">\n\t\t\t\t\t<div class=\"elementor-column elementor-col-100 elementor-top-column elementor-element elementor-element-8161b36\" data-id=\"8161b36\" data-element_type=\"column\">\n\t\t\t<div class=\"elementor-widget-wrap elementor-element-populated\">\n\t\t\t\t\t\t\t\t<div class=\"elementor-element elementor-element-cc7d4dd elementor-widget elementor-widget-text-editor\" data-id=\"cc7d4dd\" data-element_type=\"widget\" data-widget_type=\"text-editor.default\">\n\t\t\t\t<div class=\"elementor-widget-container\">\n\t\t\t\t\t\t\t<h4><strong><img loading=\"lazy\" decoding=\"async\" class=\"size-full wp-image-907 alignleft\" src=\"https:\/\/avocat-ancel.fr\/wp-content\/uploads\/2021\/09\/adoption.png\" alt=\"\" width=\"170\" height=\"125\" srcset=\"https:\/\/avocat-ancel.com\/wp-content\/uploads\/2021\/09\/adoption.png 170w, https:\/\/avocat-ancel.com\/wp-content\/uploads\/2021\/09\/adoption-16x12.png 16w\" sizes=\"auto, (max-width: 170px) 100vw, 170px\" \/>Cabinet ANCEL : L&rsquo; EXPERTISE ET LA FIABILITE<\/strong><\/h4>\n<h5>CONTACTEZ NOUS D\u00c8S MAINTENANT AU :<br \/><span class=\"telephone\">01 47 69 18 06<\/span>\u00a0ou\u00a0<span class=\"telephone\">06 64 39 10 54<\/span><\/h5>\n<h4 dir=\"ltr\">Ma\u00eetre ANCEL vous repr\u00e9sente lors des ventes aux ench\u00e8res de biens mobiliers et immobiliers. A cet \u00e9gard, il consultera le cahier des charges, interviendra pendant la vente et s\u2019occupera du transfert de propri\u00e9t\u00e9.<\/h4>\n<h4 dir=\"ltr\">Votre conseil vous expliquera la proc\u00e9dure, les d\u00e9lais \u00e0 respecter et les documents \u00e0 remettre.<\/h4>\n<h4 dir=\"ltr\">Ces ventes qui se d\u00e9roulent au sein du Tribunal judiciaire de PARIS permettent souvent d\u2019acqu\u00e9rir des biens \u00e0 des tarifs pr\u00e9f\u00e9rentiels et de r\u00e9aliser de bonnes affaires. La pr\u00e9sence d\u2019un avocat du barreau de PARIS est obligatoire pour ench\u00e9rir.<\/h4>\n<h4 dir=\"ltr\">Deux ch\u00e8ques de banque sont n\u00e9cessaires :<\/h4>\n<h4 dir=\"ltr\">1)\u00a0 Le premier est libell\u00e9 \u00e0 l&rsquo; Ordre de Monsieur le B\u00e2tonnier S\u00e9questre<\/h4>\n<h4 dir=\"ltr\">2)\u00a0 Le second est libell\u00e9 \u00e0 l&rsquo;Ordre de la CARPA.<\/h4>\n<h4 dir=\"ltr\">\u00a0<\/h4>\n<h4 dir=\"ltr\">Qu&rsquo;attendez vous pour acheter l&rsquo;appartement de vos r\u00eaves ? C&rsquo;est votre tour, vous le m\u00e9ritez bien !\u00a0\u00a0<\/h4>\n<h4 dir=\"ltr\">\u00a0<\/h4>\n<p>\u00a0<\/p>\t\t\t\t\t\t<\/div>\n\t\t\t\t<\/div>\n\t\t\t\t\t<\/div>\n\t\t<\/div>\n\t\t\t\t\t\t\t<\/div>\n\t\t<\/section>\n\t\t\t\t\t\t\t<\/div>","protected":false},"excerpt":{"rendered":"<p>Cabinet ANCEL : L&rsquo; EXPERTISE ET LA FIABILITE CONTACTEZ NOUS D\u00c8S MAINTENANT AU : 01 47 69 18 06&nbsp;ou&nbsp;06 64 39 10 54 Ma\u00eetre ANCEL vous repr\u00e9sente lors des ventes aux ench\u00e8res de biens mobiliers et immobiliers. A cet \u00e9gard, il consultera le cahier des charges, interviendra pendant la vente et s\u2019occupera du transfert de&#8230; <\/p>\n<div class=\"clear\"><\/div>\n<p><a href=\"https:\/\/avocat-ancel.com\/en\/ventes-aux-encheres\/\" class=\"excerpt-read-more\">Read More<\/a><\/p>","protected":false},"author":1,"featured_media":0,"parent":0,"menu_order":0,"comment_status":"closed","ping_status":"closed","template":"","meta":{"footnotes":"","_links_to":"","_links_to_target":""},"class_list":["post-677","page","type-page","status-publish","hentry"],"_links":{"self":[{"href":"https:\/\/avocat-ancel.com\/en\/wp-json\/wp\/v2\/pages\/677","targetHints":{"allow":["GET"]}}],"collection":[{"href":"https:\/\/avocat-ancel.com\/en\/wp-json\/wp\/v2\/pages"}],"about":[{"href":"https:\/\/avocat-ancel.com\/en\/wp-json\/wp\/v2\/types\/page"}],"author":[{"embeddable":true,"href":"https:\/\/avocat-ancel.com\/en\/wp-json\/wp\/v2\/users\/1"}],"replies":[{"embeddable":true,"href":"https:\/\/avocat-ancel.com\/en\/wp-json\/wp\/v2\/comments?post=677"}],"version-history":[{"count":9,"href":"https:\/\/avocat-ancel.com\/en\/wp-json\/wp\/v2\/pages\/677\/revisions"}],"predecessor-version":[{"id":2151,"href":"https:\/\/avocat-ancel.com\/en\/wp-json\/wp\/v2\/pages\/677\/revisions\/2151"}],"wp:attachment":[{"href":"https:\/\/avocat-ancel.com\/en\/wp-json\/wp\/v2\/media?parent=677"}],"curies":[{"name":"wp","href":"https:\/\/api.w.org\/{rel}","templated":true}]}}