{"id":673,"date":"2021-08-22T13:18:38","date_gmt":"2021-08-22T13:18:38","guid":{"rendered":"http:\/\/localhost\/wordpress\/divorces-copy-4-copy\/"},"modified":"2025-12-22T19:56:22","modified_gmt":"2025-12-22T19:56:22","slug":"changement-de-prenom-et-nom","status":"publish","type":"page","link":"https:\/\/avocat-ancel.com\/en\/changement-de-prenom-et-nom\/","title":{"rendered":"Changement de pr\u00e9nom et nom"},"content":{"rendered":"<div data-elementor-type=\"wp-page\" data-elementor-id=\"673\" class=\"elementor elementor-673\">\n\t\t\t\t\t\t\t\t\t<section class=\"elementor-section elementor-top-section elementor-element elementor-element-69f13ab elementor-section-boxed elementor-section-height-default elementor-section-height-default\" data-id=\"69f13ab\" data-element_type=\"section\">\n\t\t\t\t\t\t<div class=\"elementor-container elementor-column-gap-default\">\n\t\t\t\t\t<div class=\"elementor-column elementor-col-100 elementor-top-column elementor-element elementor-element-8161b36\" data-id=\"8161b36\" data-element_type=\"column\">\n\t\t\t<div class=\"elementor-widget-wrap elementor-element-populated\">\n\t\t\t\t\t\t\t\t<div class=\"elementor-element elementor-element-cc7d4dd elementor-widget elementor-widget-text-editor\" data-id=\"cc7d4dd\" data-element_type=\"widget\" data-widget_type=\"text-editor.default\">\n\t\t\t\t<div class=\"elementor-widget-container\">\n\t\t\t\t\t\t\t<p><img loading=\"lazy\" decoding=\"async\" class=\"size-medium wp-image-842 alignleft\" src=\"https:\/\/avocat-ancel.fr\/wp-content\/uploads\/2021\/09\/pre\u0301nom-Sans-titre-300x198.png\" alt=\"\" width=\"300\" height=\"198\" srcset=\"https:\/\/avocat-ancel.com\/wp-content\/uploads\/2021\/09\/pre\u0301nom-Sans-titre-300x198.png 300w, https:\/\/avocat-ancel.com\/wp-content\/uploads\/2021\/09\/pre\u0301nom-Sans-titre-768x507.png 768w, https:\/\/avocat-ancel.com\/wp-content\/uploads\/2021\/09\/pre\u0301nom-Sans-titre-16x12.png 16w, https:\/\/avocat-ancel.com\/wp-content\/uploads\/2021\/09\/pre\u0301nom-Sans-titre.png 943w\" sizes=\"auto, (max-width: 300px) 100vw, 300px\" \/><\/p><div dir=\"ltr\">\u00a0<\/div><h3 dir=\"ltr\">Le changement de pr\u00e9nom sera examin\u00e9 par l&rsquo;officier d&rsquo;\u00e9tat civil.\u00a0En fonction de la complexit\u00e9 du dossier, l&rsquo;affaire pourra \u00eatre port\u00e9e devant le Tribunal avec l&rsquo;assistance obligatoire de l&rsquo;avocat.\u00a0<\/h3><h3 dir=\"ltr\">Quoi qu&rsquo;il en soit, les conseils d&rsquo;un avocat sont indispensables pour \u00e9viter tout refus d\u00e9finitif.<\/h3><h3 dir=\"ltr\">\u00a0<\/h3><h3 dir=\"ltr\">Oubliez\u00a0les difficult\u00e9s li\u00e9es \u00e0 votre\u00a0ancien \u00e9tat civil. Passez du pr\u00e9nom \u00ab\u00a0tare\u00a0\u00bb au pr\u00e9nom\u00a0\u00ab\u00a0star\u00a0\u00bb\u00a0!\u00a0<\/h3><h3 dir=\"ltr\">Pour certains, le choix d&rsquo;un nouveau pr\u00e9nom peut \u00eatre positif et avoir un impact sur votre personnalit\u00e9. Ainsi, les \u00ab\u00a0John\u00a0\u00bb, \u00ab\u00a0Jean\u00a0\u00bb ou \u00a0\u00bb St\u00e9phanie\u00a0\u00bb sont consid\u00e9r\u00e9s comme plus extravertis, tandis que les personnes portant les pr\u00e9noms \u00ab\u00a0Mary\u00a0\u00bb ou \u00ab\u00a0Emmanuel\u00a0\u00bb ont tendance \u00e0 \u00eatre plus agr\u00e9ables.<\/h3><h3 dir=\"ltr\">Le changement, c&rsquo;est maintenant. R\u00e9f\u00e9rence en la mati\u00e8re, Ma\u00eetre ANCEL est contact\u00e9 dans la France enti\u00e8re et \u00e0 l&rsquo;\u00e9tranger ( USA, Canada, Japon, Maroc, Alg\u00e9rie, Br\u00e9sil, Turquie, Europe, etc &#8230;) pour des probl\u00e8mes d&rsquo;\u00e9tat civil. ( cf avis \u00e0 droite de l&rsquo;\u00e9cran )<\/h3><h3 dir=\"ltr\">Voir AFFAIRE Ozlem SAHINER c. AUTRICHE.CEDH 3 Juin 2025. B.ANCEL, Le changement de pr\u00e9nom au prisme de l&rsquo;article 8 de la CEDH: Droit subjectif ou imperium \u00e9tatique ?, JCP-G, Lexis Nexis,22 dec.2025. p.2125 et s.<\/h3><h3 dir=\"ltr\">Voir notre interview sur Europe 1\u00a0du 16 d\u00e9cembre 2014. Comment se prot\u00e9ger d&rsquo; un homonyme\u00a0?\u00a0<\/h3><h3 dir=\"ltr\">\u00a0<\/h3><h3 dir=\"ltr\">\u00a0<\/h3><h3 dir=\"ltr\">\u00a0<\/h3><h3 dir=\"ltr\">societe &#8211; Comment se prot\u00e9ger d&rsquo;un homonyme &#8211; Europe 1<\/h3><h3 dir=\"ltr\">www.europe1.fr \u203a Accueil \u203a Soci\u00e9t\u00e9<\/h3><h3 dir=\"ltr\">16 d\u00e9c. 2014 &#8211;\u00a0\u00ab\u00a0Vous pouvez effectuer une requ\u00eate en changement de pr\u00e9nom qui prend en moyenne trois mois\u00a0\u00bb, pr\u00e9vient\u00a0Me\u00a0Bruno Ancel, avocat sp\u00e9cialiste\u00a0&#8230;<\/h3><h3 dir=\"ltr\">\u00a0<\/h3><h3 dir=\"ltr\">\u00a0<\/h3><h3 dir=\"ltr\">\u00a0Ma\u00eetre ANCEL a \u00e9crit des articles sur les changements de pr\u00e9nom et de nom cit\u00e9s en France et \u00e0 l&rsquo;\u00e9tranger.Cliquez sur les liens suivants\u00a0:\u00a0<\/h3><h3 dir=\"ltr\">\u00a0<\/h3><h3 dir=\"ltr\"><a href=\"http:\/\/www.lextenso.fr\/weblextenso\/revue\/pdf?pdf=%2FWeblextenso%2FLa-une-des-revues%2Fpdfnews%2FPA-174_20130830.pdf\" target=\"_blank\" rel=\"noopener\">http:\/\/www.lextenso.fr\/weblextenso\/revue\/pdf?pdf=%2FWeblextenso%2FLa-une-des-revues%2Fpdfnews%2FPA-174_20130830.pdf<\/a><\/h3><h3 dir=\"ltr\">\u00a0<\/h3><h3 dir=\"ltr\"><a href=\"http:\/\/servicelnf2.lexisnexis.fr\/unerevues\/pdf\/une\/sjg1521.pdf\" target=\"_blank\" rel=\"noopener\">http:\/\/servicelnf2.lexisnexis.fr\/unerevues\/pdf\/une\/sjg1521.pdf<\/a><\/h3><h3 dir=\"ltr\">\u00a0<\/h3><h3 dir=\"ltr\">-un OJNI \u00e0 l&rsquo;\u00e9tat civil : boite de pandore ou r\u00e9volution juridique \u00e0 l&rsquo;\u00e9chelle mondiale ? JCP n\u00b011, F\u00e9vrier 2016\u00a0<\/h3><h3 dir=\"ltr\">\u00a0<\/h3><h3 dir=\"ltr\"><a href=\"http:\/\/servicelnf2.lexisnexis.fr\/unerevues\/pdf\/une\/sjg1611.pdf\" target=\"_blank\" rel=\"noopener\">http:\/\/servicelnf2.lexisnexis.fr\/unerevues\/pdf\/une\/sjg1611.pdf<\/a><\/h3><h3 dir=\"ltr\">\u00a0<\/h3><h3 dir=\"ltr\">\u00a0<\/h3>\t\t\t\t\t\t<\/div>\n\t\t\t\t<\/div>\n\t\t\t\t\t<\/div>\n\t\t<\/div>\n\t\t\t\t\t\t\t<\/div>\n\t\t<\/section>\n\t\t\t\t\t\t\t<\/div>","protected":false},"excerpt":{"rendered":"<p>\u00a0 Le changement de pr\u00e9nom sera examin\u00e9 par l&rsquo;officier d&rsquo;\u00e9tat civil.\u00a0En fonction de la complexit\u00e9 du dossier, l&rsquo;affaire pourra \u00eatre port\u00e9e devant le Tribunal avec l&rsquo;assistance obligatoire de l&rsquo;avocat.\u00a0 Quoi qu&rsquo;il en soit, les conseils d&rsquo;un avocat sont indispensables pour \u00e9viter tout refus d\u00e9finitif. \u00a0 Oubliez\u00a0les difficult\u00e9s li\u00e9es \u00e0 votre\u00a0ancien \u00e9tat civil. Passez du pr\u00e9nom&#8230; <\/p>\n<div class=\"clear\"><\/div>\n<p><a href=\"https:\/\/avocat-ancel.com\/en\/changement-de-prenom-et-nom\/\" class=\"excerpt-read-more\">Read More<\/a><\/p>","protected":false},"author":1,"featured_media":0,"parent":0,"menu_order":0,"comment_status":"closed","ping_status":"closed","template":"","meta":{"footnotes":"","_links_to":"","_links_to_target":""},"class_list":["post-673","page","type-page","status-publish","hentry"],"_links":{"self":[{"href":"https:\/\/avocat-ancel.com\/en\/wp-json\/wp\/v2\/pages\/673","targetHints":{"allow":["GET"]}}],"collection":[{"href":"https:\/\/avocat-ancel.com\/en\/wp-json\/wp\/v2\/pages"}],"about":[{"href":"https:\/\/avocat-ancel.com\/en\/wp-json\/wp\/v2\/types\/page"}],"author":[{"embeddable":true,"href":"https:\/\/avocat-ancel.com\/en\/wp-json\/wp\/v2\/users\/1"}],"replies":[{"embeddable":true,"href":"https:\/\/avocat-ancel.com\/en\/wp-json\/wp\/v2\/comments?post=673"}],"version-history":[{"count":10,"href":"https:\/\/avocat-ancel.com\/en\/wp-json\/wp\/v2\/pages\/673\/revisions"}],"predecessor-version":[{"id":2514,"href":"https:\/\/avocat-ancel.com\/en\/wp-json\/wp\/v2\/pages\/673\/revisions\/2514"}],"wp:attachment":[{"href":"https:\/\/avocat-ancel.com\/en\/wp-json\/wp\/v2\/media?parent=673"}],"curies":[{"name":"wp","href":"https:\/\/api.w.org\/{rel}","templated":true}]}}