{"id":671,"date":"2021-08-22T13:18:20","date_gmt":"2021-08-22T13:18:20","guid":{"rendered":"http:\/\/localhost\/wordpress\/divorces-copy-4\/"},"modified":"2023-07-23T12:21:54","modified_gmt":"2023-07-23T12:21:54","slug":"droit-international-de-la-famille-exequatur","status":"publish","type":"page","link":"https:\/\/avocat-ancel.com\/en\/droit-international-de-la-famille-exequatur\/","title":{"rendered":"Droit international de la famille. Exequatur"},"content":{"rendered":"<div data-elementor-type=\"wp-page\" data-elementor-id=\"671\" class=\"elementor elementor-671\">\n\t\t\t\t\t\t\t\t\t<section class=\"elementor-section elementor-top-section elementor-element elementor-element-69f13ab elementor-section-boxed elementor-section-height-default elementor-section-height-default\" data-id=\"69f13ab\" data-element_type=\"section\">\n\t\t\t\t\t\t<div class=\"elementor-container elementor-column-gap-default\">\n\t\t\t\t\t<div class=\"elementor-column elementor-col-100 elementor-top-column elementor-element elementor-element-8161b36\" data-id=\"8161b36\" data-element_type=\"column\">\n\t\t\t<div class=\"elementor-widget-wrap elementor-element-populated\">\n\t\t\t\t\t\t\t\t<div class=\"elementor-element elementor-element-cc7d4dd elementor-widget elementor-widget-text-editor\" data-id=\"cc7d4dd\" data-element_type=\"widget\" data-widget_type=\"text-editor.default\">\n\t\t\t\t<div class=\"elementor-widget-container\">\n\t\t\t\t\t\t\t<h4>B\u00e9n\u00e9ficiez de l&rsquo;exp\u00e9rience d&rsquo;un Docteur en droit pour votre Divorce International\u00a0 ou pour votre exequatur.<\/h4><h4><strong>Cabinet ANCEL : L&rsquo; EXPERTISE ET LA FIABILITE<\/strong><\/h4><div dir=\"ltr\"><img loading=\"lazy\" decoding=\"async\" class=\"size-medium wp-image-881\" src=\"https:\/\/avocat-ancel.fr\/wp-content\/uploads\/2021\/09\/family-law-monde-300x200.jpeg\" alt=\"\" width=\"300\" height=\"200\" srcset=\"https:\/\/avocat-ancel.com\/wp-content\/uploads\/2021\/09\/family-law-monde-300x200.jpeg 300w, https:\/\/avocat-ancel.com\/wp-content\/uploads\/2021\/09\/family-law-monde-16x12.jpeg 16w, https:\/\/avocat-ancel.com\/wp-content\/uploads\/2021\/09\/family-law-monde.jpeg 612w\" sizes=\"auto, (max-width: 300px) 100vw, 300px\" \/><\/div><h4 dir=\"ltr\">\u00a0<\/h4><h4 dir=\"ltr\">Le droit international r\u00e9glemente les relations juridiques priv\u00e9es ( contrats, soci\u00e9t\u00e9s, mariages, divorces, filiation, succession )\u00a0 \u00a0<\/h4><p><div style=\"width: 960px;\" class=\"wp-video\"><video class=\"wp-video-shortcode\" id=\"video-671-1\" width=\"960\" height=\"540\" preload=\"metadata\" controls=\"controls\"><source type=\"video\/mp4\" src=\"https:\/\/avocat-ancel.fr\/wp-content\/uploads\/2023\/07\/Divorce-International.-Maitre-ANCEL-PARIS.mp4?_=1\" \/><a href=\"https:\/\/avocat-ancel.fr\/wp-content\/uploads\/2023\/07\/Divorce-International.-Maitre-ANCEL-PARIS.mp4\">https:\/\/avocat-ancel.fr\/wp-content\/uploads\/2023\/07\/Divorce-International.-Maitre-ANCEL-PARIS.mp4<\/a><\/video><\/div><\/p><p>\u00a0<\/p><p>\u00a0<\/p><h4 dir=\"ltr\">En droit international, il faut savoir que\u00a0:<\/h4><h4 dir=\"ltr\">1)\u00a0Article 14 du Code Civil<\/h4><h4 dir=\"ltr\">L&rsquo;e\u0301tranger, me\u0302me non re\u0301sidant en France, pourra e\u0302tre cite\u0301 devant les tribunaux franc\u0327ais, pour l&rsquo;exe\u0301cution des obligations par lui contracte\u0301es\u00a0en France ou en pays e\u0301tranger avec un Franc\u0327ais<\/h4><h4 dir=\"ltr\">2) Article 15 du Code Civil<\/h4><h4 dir=\"ltr\">Un Franc\u0327ais\u00a0pourra e\u0302tre traduit devant un tribunal de France, pour des obligations par lui contracte\u0301es en pays e\u0301tranger, me\u0302me avec un e\u0301tranger.<\/h4><h4 dir=\"ltr\">Me ANCEL a comment\u00e9 l&rsquo;affaire Hallyday.<\/h4><h4 dir=\"ltr\">*\u00a0Les trusts au prisme d&rsquo;une affaire m\u00e9diatique, JCP Famille, oct.2018, p.15.<\/h4><h4 dir=\"ltr\"><a href=\"http:\/\/web.lexisnexis.fr\/unerevues\/pdf\/une\/fam1810.pdf\" target=\"_blank\" rel=\"noopener\">http:\/\/web.lexisnexis.fr\/unerevues\/pdf\/une\/fam1810.pdf<\/a><\/h4><h4 dir=\"ltr\">*La succession internationale de Johnny Halliday : allumer le feu,\u00a0 Lexbase Hebdo, Ed priv\u00e9e g\u00e9n\u00e9rale, 29 mars 2018<\/h4><h4 dir=\"ltr\"><a href=\"https:\/\/twitter.com\/LexbasePrive\/status\/979257148420083712\/photo\/1\" target=\"_blank\" rel=\"noopener\">https:\/\/twitter.com\/LexbasePrive\/status\/979257148420083712\/photo\/1<\/a><\/h4><h4 dir=\"ltr\"><strong><span style=\"text-decoration: underline;\">EXEQUATUR DE JUGEMENTS ETRANGERS<\/span><\/strong><\/h4><h4 dir=\"ltr\"><img loading=\"lazy\" decoding=\"async\" class=\"alignnone size-medium wp-image-2116\" src=\"https:\/\/avocat-ancel.fr\/wp-content\/uploads\/2023\/06\/image-tres-brillante-dun-globe-terrestre-et-du-sy-1-200x300.jpg\" alt=\"\" width=\"200\" height=\"300\" srcset=\"https:\/\/avocat-ancel.com\/wp-content\/uploads\/2023\/06\/image-tres-brillante-dun-globe-terrestre-et-du-sy-1-200x300.jpg 200w, https:\/\/avocat-ancel.com\/wp-content\/uploads\/2023\/06\/image-tres-brillante-dun-globe-terrestre-et-du-sy-1-683x1024.jpg 683w, https:\/\/avocat-ancel.com\/wp-content\/uploads\/2023\/06\/image-tres-brillante-dun-globe-terrestre-et-du-sy-1-8x12.jpg 8w, https:\/\/avocat-ancel.com\/wp-content\/uploads\/2023\/06\/image-tres-brillante-dun-globe-terrestre-et-du-sy-1.jpg 768w\" sizes=\"auto, (max-width: 200px) 100vw, 200px\" \/><\/h4><h4 dir=\"ltr\">\u00a0<\/h4><h4 dir=\"ltr\">\u00a0<\/h4><h4 dir=\"ltr\">Les jugements \u00e9trangers peuvent faire l&rsquo;objet d&rsquo;une exequatur apr\u00e8s avoir saisi le tribunal comp\u00e9tent dans le cadre d&rsquo;une proc\u00e9dure sp\u00e9cifique. Cette action vise \u00e0 donner force ex\u00e9cutoire aux d\u00e9cisions rendues par une autre juridiction.<\/h4><h4 dir=\"ltr\">\u00a0<\/h4><h4 dir=\"ltr\">Apr\u00e8s avoir contr\u00f4l\u00e9 le jugement \u00e9tranger, le juge de l&rsquo;exequatur a le pouvoir d&rsquo;accorder ou de refuser l&rsquo;exequatur. Mais il ne peut modifier le jugement \u00e9tranger.<\/h4><h4 dir=\"ltr\">\u00a0<\/h4><h4 dir=\"ltr\">La r\u00e9gularit\u00e9 de la d\u00e9cision \u00e9trang\u00e8re est examin\u00e9e \u00e0 l&rsquo;aune de plusieurs crit\u00e8res.<\/h4><h4 dir=\"ltr\">Tous ces points seront vus avec votre avocat lors du rendez vous.<\/h4><h4 dir=\"ltr\">Il vous conseillera sur l&rsquo;opportunit\u00e9 d&rsquo;une telle demande, la force probante des jugements \u00e9trangers et sur les effets attach\u00e9s \u00e0 l&rsquo;exequatur.<\/h4><h4 dir=\"ltr\">\u00a0Le cabinet ANCEL intervient \u00e0 la fois pour l&rsquo;exequatur de jugement\u00a0 de divorce, de pension alimentaire et d&rsquo;adoption dans tous les pays.\u00a0 Il a une client\u00e8le internationale.<\/h4>\t\t\t\t\t\t<\/div>\n\t\t\t\t<\/div>\n\t\t\t\t\t<\/div>\n\t\t<\/div>\n\t\t\t\t\t\t\t<\/div>\n\t\t<\/section>\n\t\t\t\t\t\t\t<\/div>","protected":false},"excerpt":{"rendered":"<p>B\u00e9n\u00e9ficiez de l&rsquo;exp\u00e9rience d&rsquo;un Docteur en droit pour votre Divorce International\u00a0 ou pour votre exequatur. Cabinet ANCEL : L&rsquo; EXPERTISE ET LA FIABILITE \u00a0 Le droit international r\u00e9glemente les relations juridiques priv\u00e9es ( contrats, soci\u00e9t\u00e9s, mariages, divorces, filiation, succession )\u00a0 \u00a0 \u00a0 \u00a0 En droit international, il faut savoir que\u00a0: 1)\u00a0Article 14 du Code Civil&#8230; <\/p>\n<div class=\"clear\"><\/div>\n<p><a href=\"https:\/\/avocat-ancel.com\/en\/droit-international-de-la-famille-exequatur\/\" class=\"excerpt-read-more\">Read More<\/a><\/p>","protected":false},"author":1,"featured_media":0,"parent":0,"menu_order":0,"comment_status":"closed","ping_status":"closed","template":"","meta":{"footnotes":"","_links_to":"","_links_to_target":""},"class_list":["post-671","page","type-page","status-publish","hentry"],"_links":{"self":[{"href":"https:\/\/avocat-ancel.com\/en\/wp-json\/wp\/v2\/pages\/671","targetHints":{"allow":["GET"]}}],"collection":[{"href":"https:\/\/avocat-ancel.com\/en\/wp-json\/wp\/v2\/pages"}],"about":[{"href":"https:\/\/avocat-ancel.com\/en\/wp-json\/wp\/v2\/types\/page"}],"author":[{"embeddable":true,"href":"https:\/\/avocat-ancel.com\/en\/wp-json\/wp\/v2\/users\/1"}],"replies":[{"embeddable":true,"href":"https:\/\/avocat-ancel.com\/en\/wp-json\/wp\/v2\/comments?post=671"}],"version-history":[{"count":10,"href":"https:\/\/avocat-ancel.com\/en\/wp-json\/wp\/v2\/pages\/671\/revisions"}],"predecessor-version":[{"id":2189,"href":"https:\/\/avocat-ancel.com\/en\/wp-json\/wp\/v2\/pages\/671\/revisions\/2189"}],"wp:attachment":[{"href":"https:\/\/avocat-ancel.com\/en\/wp-json\/wp\/v2\/media?parent=671"}],"curies":[{"name":"wp","href":"https:\/\/api.w.org\/{rel}","templated":true}]}}