{"id":669,"date":"2021-08-22T13:17:54","date_gmt":"2021-08-22T13:17:54","guid":{"rendered":"http:\/\/localhost\/wordpress\/divorces-copy-3\/"},"modified":"2026-04-23T14:31:40","modified_gmt":"2026-04-23T14:31:40","slug":"violences-conjugales-et-droit-penal","status":"publish","type":"page","link":"https:\/\/avocat-ancel.com\/en\/violences-conjugales-et-droit-penal\/","title":{"rendered":"Violences conjugales et droit p\u00e9nal"},"content":{"rendered":"<div data-elementor-type=\"wp-page\" data-elementor-id=\"669\" class=\"elementor elementor-669\">\n\t\t\t\t\t\t\t\t\t<section class=\"elementor-section elementor-top-section elementor-element elementor-element-69f13ab elementor-section-boxed elementor-section-height-default elementor-section-height-default\" data-id=\"69f13ab\" data-element_type=\"section\">\n\t\t\t\t\t\t<div class=\"elementor-container elementor-column-gap-default\">\n\t\t\t\t\t<div class=\"elementor-column elementor-col-100 elementor-top-column elementor-element elementor-element-8161b36\" data-id=\"8161b36\" data-element_type=\"column\">\n\t\t\t<div class=\"elementor-widget-wrap elementor-element-populated\">\n\t\t\t\t\t\t\t\t<div class=\"elementor-element elementor-element-cc7d4dd elementor-widget elementor-widget-text-editor\" data-id=\"cc7d4dd\" data-element_type=\"widget\" data-widget_type=\"text-editor.default\">\n\t\t\t\t<div class=\"elementor-widget-container\">\n\t\t\t\t\t\t\t<p>:<img loading=\"lazy\" decoding=\"async\" class=\"size-full wp-image-891 alignleft\" src=\"https:\/\/avocat-ancel.fr\/wp-content\/uploads\/2021\/09\/violence.png\" alt=\"\" width=\"170\" height=\"114\" srcset=\"https:\/\/avocat-ancel.com\/wp-content\/uploads\/2021\/09\/violence.png 170w, https:\/\/avocat-ancel.com\/wp-content\/uploads\/2021\/09\/violence-16x12.png 16w\" sizes=\"auto, (max-width: 170px) 100vw, 170px\" \/><\/p>\n<h4>Si vous \u00eates victime de violences conjugales, psychologiques, de contr\u00f4le coercitif, harc\u00e8lement moral, Me ANCEL peut vous assister devant le juge aux affaires familiales, devant le tribunal correctionnel, dans le cadre d&rsquo;ordonnances de protection, de CRPC, etc&#8230;. Il intervient aussi en appel.<\/h4>\n<div>&nbsp;<\/div>\n<h4><strong>Cabinet ANCEL : L&rsquo; EXPERTISE ET LA FIABILITE<\/strong><\/h4>\n<h5>CONTACTEZ NOUS D\u00c8S MAINTENANT AU :<br><span class=\"telephone\">01 47 69 18 06<\/span>&nbsp;ou&nbsp;<span class=\"telephone\">07 67 72 53 87<\/span><\/h5>\n<div><span class=\"telephone\">&nbsp;<\/span><\/div>\n<div><span class=\"telephone\">&nbsp;<\/span><\/div>\n<h4><img loading=\"lazy\" decoding=\"async\" class=\"alignleft size-medium wp-image-2540\" src=\"https:\/\/avocat-ancel.com\/wp-content\/uploads\/2026\/04\/tinywow_Me-ANCEL.Droit-penal-de-la-famille_89387294_1-215x300.png\" alt=\"\" width=\"215\" height=\"300\" srcset=\"https:\/\/avocat-ancel.com\/wp-content\/uploads\/2026\/04\/tinywow_Me-ANCEL.Droit-penal-de-la-famille_89387294_1-215x300.png 215w, https:\/\/avocat-ancel.com\/wp-content\/uploads\/2026\/04\/tinywow_Me-ANCEL.Droit-penal-de-la-famille_89387294_1-734x1024.png 734w, https:\/\/avocat-ancel.com\/wp-content\/uploads\/2026\/04\/tinywow_Me-ANCEL.Droit-penal-de-la-famille_89387294_1-768x1072.png 768w, https:\/\/avocat-ancel.com\/wp-content\/uploads\/2026\/04\/tinywow_Me-ANCEL.Droit-penal-de-la-famille_89387294_1-1101x1536.png 1101w, https:\/\/avocat-ancel.com\/wp-content\/uploads\/2026\/04\/tinywow_Me-ANCEL.Droit-penal-de-la-famille_89387294_1-1468x2048.png 1468w, https:\/\/avocat-ancel.com\/wp-content\/uploads\/2026\/04\/tinywow_Me-ANCEL.Droit-penal-de-la-famille_89387294_1-9x12.png 9w, https:\/\/avocat-ancel.com\/wp-content\/uploads\/2026\/04\/tinywow_Me-ANCEL.Droit-penal-de-la-famille_89387294_1.png 1732w\" sizes=\"auto, (max-width: 215px) 100vw, 215px\" \/><\/h4>\n<h4>Ma\u00eetre ANCEL connait parfaitement le domaine puisqu&rsquo;il a publi\u00e9 de nombreux articles juridiques sur les violences conjugales, le contr\u00f4le &nbsp;coercitif en droit compar\u00e9 et les divorces internationaux. Il a \u00e9t\u00e9 cit\u00e9 au niveau europ\u00e9en.<br><\/h4>\n<h4><br><\/h4>\n<div>&nbsp;<span style=\"font-family: var( --e-global-typography-text-font-family ), Sans-serif;\">&nbsp;<\/span><\/div><p><span style=\"color: rgb(69, 69, 69); font-family: Cardo; font-size: 32px;\"><br><\/span><\/p><p><span style=\"color: rgb(69, 69, 69); font-family: Cardo; font-size: 32px;\">Ses articles sont devenus une r\u00e9f\u00e9rence.<\/span><br><\/p>\n<div><img loading=\"lazy\" decoding=\"async\" class=\"alignleft size-medium wp-image-2485\" style=\"caret-color: #000000; color: #000000;\" src=\"https:\/\/avocat-ancel.com\/wp-content\/uploads\/2025\/07\/Screenshot-2025-07-28-at-18-27-51-N%C2%B047-22-novembre-2024-JCP-G-LexisNexis-214x300.png\" alt=\"\" width=\"214\" height=\"300\"><\/div>\n<div>&nbsp;<\/div>\n<div>&nbsp;<\/div>\n<div>&nbsp;<\/div>\n<div>&nbsp;<\/div>\n<div>&nbsp;<\/div>\n<div>&nbsp;<\/div>\n<h4>&nbsp;<\/h4>\n<h4>&nbsp;<\/h4>\n<h4>&nbsp;<\/h4>\n<h4>&nbsp;<\/h4>\n<h4>Le cabinet ANCEL&nbsp; intervient dans toute la France, y compris pour les divorces internationaux en lien avec la France. ( Etats-Unis, Italie, Angleterre, Espagne,Afrique, Maroc, Turquie, Gr\u00e8ce, Russie, Tunisie, Alg\u00e9rie, etc&#8230;)<\/h4>\n<p><img loading=\"lazy\" decoding=\"async\" class=\"alignleft size-medium wp-image-2466\" src=\"https:\/\/avocat-ancel.com\/wp-content\/uploads\/2025\/07\/Capture-decran-le-2025-07-28-a-15.40.11-300x253.png\" alt=\"\" width=\"300\" height=\"253\" srcset=\"https:\/\/avocat-ancel.com\/wp-content\/uploads\/2025\/07\/Capture-decran-le-2025-07-28-a-15.40.11-300x253.png 300w, https:\/\/avocat-ancel.com\/wp-content\/uploads\/2025\/07\/Capture-decran-le-2025-07-28-a-15.40.11-768x648.png 768w, https:\/\/avocat-ancel.com\/wp-content\/uploads\/2025\/07\/Capture-decran-le-2025-07-28-a-15.40.11-14x12.png 14w, https:\/\/avocat-ancel.com\/wp-content\/uploads\/2025\/07\/Capture-decran-le-2025-07-28-a-15.40.11.png 895w\" sizes=\"auto, (max-width: 300px) 100vw, 300px\" \/><\/p>\n<div>&nbsp;<\/div>\n<div>&nbsp;<\/div>\n<div>&nbsp;<\/div>\n<div>&nbsp;<\/div>\t\t\t\t\t\t<\/div>\n\t\t\t\t<\/div>\n\t\t\t\t\t<\/div>\n\t\t<\/div>\n\t\t\t\t\t\t\t<\/div>\n\t\t<\/section>\n\t\t\t\t\t\t\t<\/div>","protected":false},"excerpt":{"rendered":"<p>: Si vous \u00eates victime de violences conjugales, psychologiques, de contr\u00f4le coercitif, harc\u00e8lement moral, Me ANCEL peut vous assister devant le juge aux affaires familiales, devant le tribunal correctionnel, dans le cadre d&rsquo;ordonnances de protection, de CRPC, etc&#8230;. Il intervient aussi en appel. &nbsp; Cabinet ANCEL : L&rsquo; EXPERTISE ET LA FIABILITE CONTACTEZ NOUS D\u00c8S&#8230; <\/p>\n<div class=\"clear\"><\/div>\n<p><a href=\"https:\/\/avocat-ancel.com\/en\/violences-conjugales-et-droit-penal\/\" class=\"excerpt-read-more\">Read More<\/a><\/p>","protected":false},"author":1,"featured_media":0,"parent":0,"menu_order":0,"comment_status":"closed","ping_status":"closed","template":"","meta":{"footnotes":"","_links_to":"","_links_to_target":""},"class_list":["post-669","page","type-page","status-publish","hentry"],"_links":{"self":[{"href":"https:\/\/avocat-ancel.com\/en\/wp-json\/wp\/v2\/pages\/669","targetHints":{"allow":["GET"]}}],"collection":[{"href":"https:\/\/avocat-ancel.com\/en\/wp-json\/wp\/v2\/pages"}],"about":[{"href":"https:\/\/avocat-ancel.com\/en\/wp-json\/wp\/v2\/types\/page"}],"author":[{"embeddable":true,"href":"https:\/\/avocat-ancel.com\/en\/wp-json\/wp\/v2\/users\/1"}],"replies":[{"embeddable":true,"href":"https:\/\/avocat-ancel.com\/en\/wp-json\/wp\/v2\/comments?post=669"}],"version-history":[{"count":10,"href":"https:\/\/avocat-ancel.com\/en\/wp-json\/wp\/v2\/pages\/669\/revisions"}],"predecessor-version":[{"id":2546,"href":"https:\/\/avocat-ancel.com\/en\/wp-json\/wp\/v2\/pages\/669\/revisions\/2546"}],"wp:attachment":[{"href":"https:\/\/avocat-ancel.com\/en\/wp-json\/wp\/v2\/media?parent=669"}],"curies":[{"name":"wp","href":"https:\/\/api.w.org\/{rel}","templated":true}]}}