{"id":666,"date":"2021-08-22T13:16:45","date_gmt":"2021-08-22T13:16:45","guid":{"rendered":"http:\/\/localhost\/wordpress\/divorces-copy-2\/"},"modified":"2025-12-21T16:49:38","modified_gmt":"2025-12-21T16:49:38","slug":"plagiat-musical","status":"publish","type":"page","link":"https:\/\/avocat-ancel.com\/en\/plagiat-musical\/","title":{"rendered":"Plagiat musical"},"content":{"rendered":"<div data-elementor-type=\"wp-page\" data-elementor-id=\"666\" class=\"elementor elementor-666\">\n\t\t\t\t\t\t\t\t\t<section class=\"elementor-section elementor-top-section elementor-element elementor-element-69f13ab elementor-section-boxed elementor-section-height-default elementor-section-height-default\" data-id=\"69f13ab\" data-element_type=\"section\">\n\t\t\t\t\t\t<div class=\"elementor-container elementor-column-gap-default\">\n\t\t\t\t\t<div class=\"elementor-column elementor-col-100 elementor-top-column elementor-element elementor-element-8161b36\" data-id=\"8161b36\" data-element_type=\"column\">\n\t\t\t<div class=\"elementor-widget-wrap elementor-element-populated\">\n\t\t\t\t\t\t\t\t<div class=\"elementor-element elementor-element-cc7d4dd elementor-widget elementor-widget-text-editor\" data-id=\"cc7d4dd\" data-element_type=\"widget\" data-widget_type=\"text-editor.default\">\n\t\t\t\t<div class=\"elementor-widget-container\">\n\t\t\t\t\t\t\t<h4><a href=\"https:\/\/avocat-ancel.fr\/wp-content\/uploads\/2021\/09\/piano-1655558__480.jpg\"><img loading=\"lazy\" decoding=\"async\" class=\"size-medium wp-image-926 alignleft\" src=\"https:\/\/avocat-ancel.fr\/wp-content\/uploads\/2021\/09\/piano-1655558__480-300x200.jpg\" alt=\"\" width=\"300\" height=\"200\" srcset=\"https:\/\/avocat-ancel.com\/wp-content\/uploads\/2021\/09\/piano-1655558__480-300x200.jpg 300w, https:\/\/avocat-ancel.com\/wp-content\/uploads\/2021\/09\/piano-1655558__480-16x12.jpg 16w, https:\/\/avocat-ancel.com\/wp-content\/uploads\/2021\/09\/piano-1655558__480.jpg 720w\" sizes=\"auto, (max-width: 300px) 100vw, 300px\" \/><\/a><\/h4><h5>CONTACTEZ NOUS D\u00c8S MAINTENANT AU :<br \/><span class=\"telephone\">01 47 69 18 06<\/span>\u00a0ou <span class=\"telephone\">07 67 72 53 87<br \/><\/span><\/h5><h4>Vous \u00eates victime d&rsquo;un plagiat musical ?<\/h4><h4>Vous estimez qu&rsquo;une autre oeuvre utilise une suite de notes identiques \u00e0 votre composition.\u00a0<\/h4><h4>Choisissez un avocat qui poss\u00e8de une double formation juridique et musicale. Maitre ANCEL est dipl\u00f4m\u00e9 du conservatoire national sup\u00e9rieur de musique. Il sera en mesure d&rsquo;analyser comme un expert les notes, les rythmes, les harmonies des deux compositions.<\/h4><h4>Une double analyse musicologique et juridique permettra de d\u00e9celer les similitudes m\u00e9lodiques, structurelles, rythmiques et harmoniques afin de mieux prot\u00e9ger l&rsquo;originalit\u00e9 de votre oeuvre.<\/h4><h4>L&rsquo;all\u00e9gation de plagiat suppose un examen d\u00e9taill\u00e9, une v\u00e9ritable dissection des deux compositions ou chansons.<\/h4><h4>Ayant une connaissance approfondie de la litt\u00e9rature musicale existante, Maitre ANCEL vous aidera \u00e0 trouver les arguments pertinents et choisir la meilleure strat\u00e9gie en demande ou en d\u00e9fense.\u00a0<\/h4><h4>Il pourra intervenir dans le cadre d&rsquo;un r\u00e8glement judiciaire ou extrajudiciaire des diff\u00e9rends relatifs aux droits d&rsquo;auteur.<\/h4><h4>Maitre ANCEL a \u00e9crit un article de r\u00e9f\u00e9rence sur le sujet :<\/h4><div class=\"page\" title=\"Page 7\"><div class=\"layoutArea\"><h4 class=\"column\"><strong>Le plagiat musical en droit compare\u0301 : acte accidentel ou intentionnel ? publi\u00e9 aux \u00e9ditions Lexis Nexis, dans la revue Communication, Commerce, \u00e9lectronique.<\/strong><\/h4><\/div><h4>Il a aussi \u00e9crit un article intitul\u00e9 : \u00ab\u00a0<strong>Intelligence artificielle et musique en droit compar\u00e9 : simple copie ou v\u00e9ritable cr\u00e9ation<\/strong> ?\u00a0\u00bb\u00a0 in Revue Lamy, 2023, cit\u00e9 en 2025 par la Biblioth\u00e8que Nationale de France (BNF) lors d&rsquo;un colloque.<\/h4><p><img loading=\"lazy\" decoding=\"async\" class=\"alignnone size-medium wp-image-2250\" src=\"https:\/\/avocat-ancel.com\/wp-content\/uploads\/2023\/10\/PHOTO-2023-10-29-11-30-29-202x300.jpg\" alt=\"Me ANCEL, Intelligence artificielle et musique\" width=\"202\" height=\"300\" srcset=\"https:\/\/avocat-ancel.com\/wp-content\/uploads\/2023\/10\/PHOTO-2023-10-29-11-30-29-202x300.jpg 202w, https:\/\/avocat-ancel.com\/wp-content\/uploads\/2023\/10\/PHOTO-2023-10-29-11-30-29-689x1024.jpg 689w, https:\/\/avocat-ancel.com\/wp-content\/uploads\/2023\/10\/PHOTO-2023-10-29-11-30-29-768x1141.jpg 768w, https:\/\/avocat-ancel.com\/wp-content\/uploads\/2023\/10\/PHOTO-2023-10-29-11-30-29-1034x1536.jpg 1034w, https:\/\/avocat-ancel.com\/wp-content\/uploads\/2023\/10\/PHOTO-2023-10-29-11-30-29-8x12.jpg 8w, https:\/\/avocat-ancel.com\/wp-content\/uploads\/2023\/10\/PHOTO-2023-10-29-11-30-29.jpg 1076w\" sizes=\"auto, (max-width: 202px) 100vw, 202px\" \/><\/p><\/div>\t\t\t\t\t\t<\/div>\n\t\t\t\t<\/div>\n\t\t\t\t\t<\/div>\n\t\t<\/div>\n\t\t\t\t\t\t\t<\/div>\n\t\t<\/section>\n\t\t\t\t\t\t\t<\/div>","protected":false},"excerpt":{"rendered":"<p>CONTACTEZ NOUS D\u00c8S MAINTENANT AU :01 47 69 18 06\u00a0ou 07 67 72 53 87 Vous \u00eates victime d&rsquo;un plagiat musical ? Vous estimez qu&rsquo;une autre oeuvre utilise une suite de notes identiques \u00e0 votre composition.\u00a0 Choisissez un avocat qui poss\u00e8de une double formation juridique et musicale. Maitre ANCEL est dipl\u00f4m\u00e9 du conservatoire national sup\u00e9rieur&#8230; <\/p>\n<div class=\"clear\"><\/div>\n<p><a href=\"https:\/\/avocat-ancel.com\/en\/plagiat-musical\/\" class=\"excerpt-read-more\">Read More<\/a><\/p>","protected":false},"author":1,"featured_media":0,"parent":0,"menu_order":0,"comment_status":"closed","ping_status":"closed","template":"","meta":{"footnotes":"","_links_to":"","_links_to_target":""},"class_list":["post-666","page","type-page","status-publish","hentry"],"_links":{"self":[{"href":"https:\/\/avocat-ancel.com\/en\/wp-json\/wp\/v2\/pages\/666","targetHints":{"allow":["GET"]}}],"collection":[{"href":"https:\/\/avocat-ancel.com\/en\/wp-json\/wp\/v2\/pages"}],"about":[{"href":"https:\/\/avocat-ancel.com\/en\/wp-json\/wp\/v2\/types\/page"}],"author":[{"embeddable":true,"href":"https:\/\/avocat-ancel.com\/en\/wp-json\/wp\/v2\/users\/1"}],"replies":[{"embeddable":true,"href":"https:\/\/avocat-ancel.com\/en\/wp-json\/wp\/v2\/comments?post=666"}],"version-history":[{"count":10,"href":"https:\/\/avocat-ancel.com\/en\/wp-json\/wp\/v2\/pages\/666\/revisions"}],"predecessor-version":[{"id":2502,"href":"https:\/\/avocat-ancel.com\/en\/wp-json\/wp\/v2\/pages\/666\/revisions\/2502"}],"wp:attachment":[{"href":"https:\/\/avocat-ancel.com\/en\/wp-json\/wp\/v2\/media?parent=666"}],"curies":[{"name":"wp","href":"https:\/\/api.w.org\/{rel}","templated":true}]}}