{"id":656,"date":"2021-08-22T12:53:12","date_gmt":"2021-08-22T12:53:12","guid":{"rendered":"http:\/\/localhost\/wordpress\/?page_id=656"},"modified":"2021-08-22T12:53:35","modified_gmt":"2021-08-22T12:53:35","slug":"mentions-legales","status":"publish","type":"page","link":"https:\/\/avocat-ancel.com\/en\/mentions-legales\/","title":{"rendered":"Mentions l\u00e9gales"},"content":{"rendered":"<div data-elementor-type=\"wp-page\" data-elementor-id=\"656\" class=\"elementor elementor-656\">\n\t\t\t\t\t\t\t\t\t<section class=\"elementor-section elementor-top-section elementor-element elementor-element-c7ffdcc elementor-section-boxed elementor-section-height-default elementor-section-height-default\" data-id=\"c7ffdcc\" data-element_type=\"section\">\n\t\t\t\t\t\t<div class=\"elementor-container elementor-column-gap-default\">\n\t\t\t\t\t<div class=\"elementor-column elementor-col-100 elementor-top-column elementor-element elementor-element-61d628e\" data-id=\"61d628e\" data-element_type=\"column\">\n\t\t\t<div class=\"elementor-widget-wrap elementor-element-populated\">\n\t\t\t\t\t\t\t\t<div class=\"elementor-element elementor-element-a25b700 elementor-widget elementor-widget-text-editor\" data-id=\"a25b700\" data-element_type=\"widget\" data-widget_type=\"text-editor.default\">\n\t\t\t\t<div class=\"elementor-widget-container\">\n\t\t\t\t\t\t\t<div><p><strong>1) Si\u00e8ge social<\/strong><\/p>Adresse : 11 Bd S\u00e9bastopol, 75001 PARIS<\/div><div><p><strong>2) Hebergeur<\/strong><\/p>OVH, 2 rue Kellermann 59100 Roubaix \u2013 RCS de Roubaix \u2013 Siren : B424 761 419<\/div><div><p><strong>3) Informatique et libert\u00e9s. Droit d&rsquo;acc\u00e8s au fichier informatis\u00e9<\/strong><\/p>Tout utilisateur ayant d\u00e9pos\u00e9 via ce site Internet, des informations directement ou indirectement nominatives, peut demander la communication des informations nominatives le concernant \u00e0 l&rsquo;administrateur du service et les faire rectifier le cas \u00e9ch\u00e9ant, conform\u00e9ment \u00e0 la loi fran\u00e7aise n\u00b078-17 du 6 janvier 1978 relative \u00e0 l&rsquo;informatique, aux fichiers et aux libert\u00e9s ( articles 38 \u00e0 40), modifi\u00e9e par la loi n\u00b0 2004-801 du 6 ao\u00fbt 2004 , en faisant la demande par courrier, \u00e0 l&rsquo;attention du cabinet ANCEL.<\/div><div><p><strong>4) Droit d\u2018auteur et Propri\u00e9t\u00e9 intellectuelle<\/strong><\/p>L&rsquo;ensemble de ce site rel\u00e8ve de la l\u00e9gislation fran\u00e7aise et internationale sur le droit d&rsquo;auteur et de la propri\u00e9t\u00e9 intellectuelle, aussi bien en ce qui concerne sa forme ( moyens d&rsquo;acc\u00e8s aux donn\u00e9es, organisation des donn\u00e9es, choix du plan, disposition des mati\u00e8res&#8230;), qu&rsquo;en ce qui concerne chacun des \u00e9l\u00e9ments de son contenu (textes, images, etc&#8230;). Toutes les reproductions, de tout ou partie de ce site, y compris pour les repr\u00e9sentations iconographiques et photographiques sont formellement interdites sauf autorisation expresse du responsable du site. L&rsquo;atteinte \u00e0 l&rsquo;un quelconque de ses droits est constitutive du d\u00e9lit p\u00e9nal de contrefa\u00e7on (art. L 335-1 \u00e0 335-10 du Code de la propri\u00e9t\u00e9 intellectuelle) et passible d&rsquo;une peine d&#8217;emprisonnement de deux ans et de 150 000 euros d&rsquo;amende. Il est strictement interdit de reproduire ou de repr\u00e9senter les contenus de notre site \u00e0 d\u2018autres fins que de consultation personnelle, de les modifier ou les adapter en tout ou partie sans l\u2018accord expresse du cabinet ANCEL.<\/div>\t\t\t\t\t\t<\/div>\n\t\t\t\t<\/div>\n\t\t\t\t\t<\/div>\n\t\t<\/div>\n\t\t\t\t\t\t\t<\/div>\n\t\t<\/section>\n\t\t\t\t\t\t\t<\/div>","protected":false},"excerpt":{"rendered":"<p>1) Si\u00e8ge social Adresse : 11 Bd S\u00e9bastopol, 75001 PARIS 2) Hebergeur OVH, 2 rue Kellermann 59100 Roubaix \u2013 RCS de Roubaix \u2013 Siren : B424 761 419 3) Informatique et libert\u00e9s. Droit d&rsquo;acc\u00e8s au fichier informatis\u00e9 Tout utilisateur ayant d\u00e9pos\u00e9 via ce site Internet, des informations directement ou indirectement nominatives, peut demander la communication&#8230; <\/p>\n<div class=\"clear\"><\/div>\n<p><a href=\"https:\/\/avocat-ancel.com\/en\/mentions-legales\/\" class=\"excerpt-read-more\">Read More<\/a><\/p>","protected":false},"author":1,"featured_media":0,"parent":0,"menu_order":0,"comment_status":"closed","ping_status":"closed","template":"","meta":{"footnotes":"","_links_to":"","_links_to_target":""},"class_list":["post-656","page","type-page","status-publish","hentry"],"_links":{"self":[{"href":"https:\/\/avocat-ancel.com\/en\/wp-json\/wp\/v2\/pages\/656","targetHints":{"allow":["GET"]}}],"collection":[{"href":"https:\/\/avocat-ancel.com\/en\/wp-json\/wp\/v2\/pages"}],"about":[{"href":"https:\/\/avocat-ancel.com\/en\/wp-json\/wp\/v2\/types\/page"}],"author":[{"embeddable":true,"href":"https:\/\/avocat-ancel.com\/en\/wp-json\/wp\/v2\/users\/1"}],"replies":[{"embeddable":true,"href":"https:\/\/avocat-ancel.com\/en\/wp-json\/wp\/v2\/comments?post=656"}],"version-history":[{"count":4,"href":"https:\/\/avocat-ancel.com\/en\/wp-json\/wp\/v2\/pages\/656\/revisions"}],"predecessor-version":[{"id":660,"href":"https:\/\/avocat-ancel.com\/en\/wp-json\/wp\/v2\/pages\/656\/revisions\/660"}],"wp:attachment":[{"href":"https:\/\/avocat-ancel.com\/en\/wp-json\/wp\/v2\/media?parent=656"}],"curies":[{"name":"wp","href":"https:\/\/api.w.org\/{rel}","templated":true}]}}