{"id":600,"date":"2021-08-19T11:27:15","date_gmt":"2021-08-19T11:27:15","guid":{"rendered":"http:\/\/localhost\/wordpress\/?page_id=600"},"modified":"2021-10-14T20:12:15","modified_gmt":"2021-10-14T20:12:15","slug":"blog","status":"publish","type":"page","link":"https:\/\/avocat-ancel.com\/en\/blog\/","title":{"rendered":"Blog"},"content":{"rendered":"<div data-elementor-type=\"wp-page\" data-elementor-id=\"600\" class=\"elementor elementor-600\">\n\t\t\t\t\t\t\t\t\t<section class=\"elementor-section elementor-top-section elementor-element elementor-element-840ab17 elementor-section-boxed elementor-section-height-default elementor-section-height-default\" data-id=\"840ab17\" data-element_type=\"section\">\n\t\t\t\t\t\t<div class=\"elementor-container elementor-column-gap-default\">\n\t\t\t\t\t<div class=\"elementor-column elementor-col-100 elementor-top-column elementor-element elementor-element-55304bc\" data-id=\"55304bc\" data-element_type=\"column\">\n\t\t\t<div class=\"elementor-widget-wrap elementor-element-populated\">\n\t\t\t\t\t\t\t\t<div class=\"elementor-element elementor-element-3780efc elementor-grid-3 elementor-grid-tablet-2 elementor-grid-mobile-1 elementor-posts--thumbnail-top elementor-card-shadow-yes elementor-posts__hover-gradient elementor-widget elementor-widget-posts\" data-id=\"3780efc\" data-element_type=\"widget\" data-settings=\"{&quot;cards_columns&quot;:&quot;3&quot;,&quot;cards_columns_tablet&quot;:&quot;2&quot;,&quot;cards_columns_mobile&quot;:&quot;1&quot;,&quot;cards_row_gap&quot;:{&quot;unit&quot;:&quot;px&quot;,&quot;size&quot;:35,&quot;sizes&quot;:[]},&quot;cards_row_gap_tablet&quot;:{&quot;unit&quot;:&quot;px&quot;,&quot;size&quot;:&quot;&quot;,&quot;sizes&quot;:[]},&quot;cards_row_gap_mobile&quot;:{&quot;unit&quot;:&quot;px&quot;,&quot;size&quot;:&quot;&quot;,&quot;sizes&quot;:[]}}\" data-widget_type=\"posts.cards\">\n\t\t\t\t<div class=\"elementor-widget-container\">\n\t\t\t\t\t<div class=\"elementor-posts-container elementor-posts elementor-posts--skin-cards elementor-grid\">\n\t\t\t\t<article class=\"elementor-post elementor-grid-item post-1990 post type-post status-publish format-standard has-post-thumbnail hentry category-uncategorized\">\n\t\t\t<div class=\"elementor-post__card\">\n\t\t\t\t<a class=\"elementor-post__thumbnail__link\" href=\"https:\/\/avocat-ancel.com\/en\/2023\/03\/21\/the-french-divorce-by-mutual-consent\/\" ><div class=\"elementor-post__thumbnail\"><img loading=\"lazy\" decoding=\"async\" width=\"300\" height=\"169\" src=\"https:\/\/avocat-ancel.com\/wp-content\/uploads\/2021\/09\/Divorce-300x169.jpg\" class=\"attachment-medium size-medium wp-image-936\" alt=\"\" srcset=\"https:\/\/avocat-ancel.com\/wp-content\/uploads\/2021\/09\/Divorce-300x169.jpg 300w, https:\/\/avocat-ancel.com\/wp-content\/uploads\/2021\/09\/Divorce-16x9.jpg 16w, https:\/\/avocat-ancel.com\/wp-content\/uploads\/2021\/09\/Divorce.jpg 453w\" sizes=\"auto, (max-width: 300px) 100vw, 300px\" \/><\/div><\/a>\n\t\t\t\t<div class=\"elementor-post__text\">\n\t\t\t\t<h3 class=\"elementor-post__title\">\n\t\t\t<a href=\"https:\/\/avocat-ancel.com\/en\/2023\/03\/21\/the-french-divorce-by-mutual-consent\/\" >\n\t\t\t\tTHE FRENCH DIVORCE BY MUTUAL CONSENT\t\t\t<\/a>\n\t\t<\/h3>\n\t\t\t\t<div class=\"elementor-post__excerpt\">\n\t\t\t<p>Changes to the divorce process are made under the Justice Reform Act (simplification of vocabulary, information for children, transition from one divorce to another&#8230;). The<\/p>\n\t\t<\/div>\n\t\t\n\t\t<a class=\"elementor-post__read-more\" href=\"https:\/\/avocat-ancel.com\/en\/2023\/03\/21\/the-french-divorce-by-mutual-consent\/\" aria-label=\"Read more about THE FRENCH DIVORCE BY MUTUAL CONSENT\" >\n\t\t\tLire l'article\t\t<\/a>\n\n\t\t\t\t<\/div>\n\t\t\t\t<div class=\"elementor-post__meta-data\">\n\t\t\t\t\t<span class=\"elementor-post-date\">\n\t\t\tMarch 21, 2023\t\t<\/span>\n\t\t\t\t<\/div>\n\t\t\t\t\t<\/div>\n\t\t<\/article>\n\t\t\t\t<article class=\"elementor-post elementor-grid-item post-963 post type-post status-publish format-standard has-post-thumbnail hentry category-uncategorized\">\n\t\t\t<div class=\"elementor-post__card\">\n\t\t\t\t<a class=\"elementor-post__thumbnail__link\" href=\"https:\/\/avocat-ancel.com\/en\/2021\/09\/26\/divorce-pour-faute-et-adultere-2\/\" ><div class=\"elementor-post__thumbnail\"><img loading=\"lazy\" decoding=\"async\" width=\"300\" height=\"169\" src=\"https:\/\/avocat-ancel.com\/wp-content\/uploads\/2021\/09\/divorce-split-300x169.jpeg\" class=\"attachment-medium size-medium wp-image-849\" alt=\"\" srcset=\"https:\/\/avocat-ancel.com\/wp-content\/uploads\/2021\/09\/divorce-split-300x169.jpeg 300w, https:\/\/avocat-ancel.com\/wp-content\/uploads\/2021\/09\/divorce-split-1024x577.jpeg 1024w, https:\/\/avocat-ancel.com\/wp-content\/uploads\/2021\/09\/divorce-split-768x433.jpeg 768w, https:\/\/avocat-ancel.com\/wp-content\/uploads\/2021\/09\/divorce-split-16x9.jpeg 16w, https:\/\/avocat-ancel.com\/wp-content\/uploads\/2021\/09\/divorce-split.jpeg 1501w\" sizes=\"auto, (max-width: 300px) 100vw, 300px\" \/><\/div><\/a>\n\t\t\t\t<div class=\"elementor-post__text\">\n\t\t\t\t<h3 class=\"elementor-post__title\">\n\t\t\t<a href=\"https:\/\/avocat-ancel.com\/en\/2021\/09\/26\/divorce-pour-faute-et-adultere-2\/\" >\n\t\t\t\tDIVORCE POUR FAUTE ET ADULTERE\t\t\t<\/a>\n\t\t<\/h3>\n\t\t\t\t<div class=\"elementor-post__excerpt\">\n\t\t\t<p>A l\u2019heure o\u00f9 le v\u00e9ritable amour tout comme la fid\u00e9lit\u00e9 conjugale ne semblent plus qu\u2019un mythe, l\u2019adult\u00e8re, tentation imm\u00e9moriale, progresse de fa\u00e7on exponentielle. Comment la<\/p>\n\t\t<\/div>\n\t\t\n\t\t<a class=\"elementor-post__read-more\" href=\"https:\/\/avocat-ancel.com\/en\/2021\/09\/26\/divorce-pour-faute-et-adultere-2\/\" aria-label=\"Read more about DIVORCE POUR FAUTE ET ADULTERE\" >\n\t\t\tLire l'article\t\t<\/a>\n\n\t\t\t\t<\/div>\n\t\t\t\t<div class=\"elementor-post__meta-data\">\n\t\t\t\t\t<span class=\"elementor-post-date\">\n\t\t\tSeptember 26, 2021\t\t<\/span>\n\t\t\t\t<\/div>\n\t\t\t\t\t<\/div>\n\t\t<\/article>\n\t\t\t\t<article class=\"elementor-post elementor-grid-item post-949 post type-post status-publish format-standard has-post-thumbnail hentry category-uncategorized\">\n\t\t\t<div class=\"elementor-post__card\">\n\t\t\t\t<a class=\"elementor-post__thumbnail__link\" href=\"https:\/\/avocat-ancel.com\/en\/2021\/09\/23\/comment-reussir-son-divorce-quelques-regles-dor\/\" ><div class=\"elementor-post__thumbnail\"><img loading=\"lazy\" decoding=\"async\" width=\"300\" height=\"200\" src=\"https:\/\/avocat-ancel.com\/wp-content\/uploads\/2021\/09\/success-1433400_1920-1-300x200.jpg\" class=\"attachment-medium size-medium wp-image-952\" alt=\"\" srcset=\"https:\/\/avocat-ancel.com\/wp-content\/uploads\/2021\/09\/success-1433400_1920-1-300x200.jpg 300w, https:\/\/avocat-ancel.com\/wp-content\/uploads\/2021\/09\/success-1433400_1920-1-1024x683.jpg 1024w, https:\/\/avocat-ancel.com\/wp-content\/uploads\/2021\/09\/success-1433400_1920-1-768x512.jpg 768w, https:\/\/avocat-ancel.com\/wp-content\/uploads\/2021\/09\/success-1433400_1920-1-1536x1024.jpg 1536w, https:\/\/avocat-ancel.com\/wp-content\/uploads\/2021\/09\/success-1433400_1920-1-16x12.jpg 16w, https:\/\/avocat-ancel.com\/wp-content\/uploads\/2021\/09\/success-1433400_1920-1.jpg 1920w\" sizes=\"auto, (max-width: 300px) 100vw, 300px\" \/><\/div><\/a>\n\t\t\t\t<div class=\"elementor-post__text\">\n\t\t\t\t<h3 class=\"elementor-post__title\">\n\t\t\t<a href=\"https:\/\/avocat-ancel.com\/en\/2021\/09\/23\/comment-reussir-son-divorce-quelques-regles-dor\/\" >\n\t\t\t\tCOMMENT R\u00c9USSIR SON DIVORCE\u00a0? QUELQUES R\u00c8GLES D\u2019OR.\t\t\t<\/a>\n\t\t<\/h3>\n\t\t\t\t<div class=\"elementor-post__excerpt\">\n\t\t\t<p>De nos jours, le mariage n\u2019appara\u00eet plus comme un engagement \u00e0 vocation perp\u00e9tuelle tant il devient de plus en plus facile de rompre le lien<\/p>\n\t\t<\/div>\n\t\t\n\t\t<a class=\"elementor-post__read-more\" href=\"https:\/\/avocat-ancel.com\/en\/2021\/09\/23\/comment-reussir-son-divorce-quelques-regles-dor\/\" aria-label=\"Read more about COMMENT R\u00c9USSIR SON DIVORCE\u00a0? QUELQUES R\u00c8GLES D\u2019OR.\" >\n\t\t\tLire l'article\t\t<\/a>\n\n\t\t\t\t<\/div>\n\t\t\t\t<div class=\"elementor-post__meta-data\">\n\t\t\t\t\t<span class=\"elementor-post-date\">\n\t\t\tSeptember 23, 2021\t\t<\/span>\n\t\t\t\t<\/div>\n\t\t\t\t\t<\/div>\n\t\t<\/article>\n\t\t\t\t<article class=\"elementor-post elementor-grid-item post-943 post type-post status-publish format-standard has-post-thumbnail hentry category-uncategorized\">\n\t\t\t<div class=\"elementor-post__card\">\n\t\t\t\t<a class=\"elementor-post__thumbnail__link\" href=\"https:\/\/avocat-ancel.com\/en\/2021\/09\/23\/comment-choisir-un-avocat\/\" ><div class=\"elementor-post__thumbnail\"><img loading=\"lazy\" decoding=\"async\" width=\"216\" height=\"207\" src=\"https:\/\/avocat-ancel.com\/wp-content\/uploads\/2021\/08\/logo-42-V.jpg\" class=\"attachment-medium size-medium wp-image-797\" alt=\"\" srcset=\"https:\/\/avocat-ancel.com\/wp-content\/uploads\/2021\/08\/logo-42-V.jpg 216w, https:\/\/avocat-ancel.com\/wp-content\/uploads\/2021\/08\/logo-42-V-13x12.jpg 13w\" sizes=\"auto, (max-width: 216px) 100vw, 216px\" \/><\/div><\/a>\n\t\t\t\t<div class=\"elementor-post__text\">\n\t\t\t\t<h3 class=\"elementor-post__title\">\n\t\t\t<a href=\"https:\/\/avocat-ancel.com\/en\/2021\/09\/23\/comment-choisir-un-avocat\/\" >\n\t\t\t\tCOMMENT CHOISIR SON AVOCAT\t\t\t<\/a>\n\t\t<\/h3>\n\t\t\t\t<div class=\"elementor-post__excerpt\">\n\t\t\t<p>UNE PERSONNE DE CONFIANCE Choisir le bon professionnel. Selon John Fitzgerald Kennedy, l\u2019art de la r\u00e9ussite consiste \u00e0 savoir s\u2019entourer des meilleurs. La premi\u00e8re \u00e9tape<\/p>\n\t\t<\/div>\n\t\t\n\t\t<a class=\"elementor-post__read-more\" href=\"https:\/\/avocat-ancel.com\/en\/2021\/09\/23\/comment-choisir-un-avocat\/\" aria-label=\"Read more about COMMENT CHOISIR SON AVOCAT\" >\n\t\t\tLire l'article\t\t<\/a>\n\n\t\t\t\t<\/div>\n\t\t\t\t<div class=\"elementor-post__meta-data\">\n\t\t\t\t\t<span class=\"elementor-post-date\">\n\t\t\tSeptember 23, 2021\t\t<\/span>\n\t\t\t\t<\/div>\n\t\t\t\t\t<\/div>\n\t\t<\/article>\n\t\t\t\t<\/div>\n\t\t\n\t\t\t\t<\/div>\n\t\t\t\t<\/div>\n\t\t\t\t\t<\/div>\n\t\t<\/div>\n\t\t\t\t\t\t\t<\/div>\n\t\t<\/section>\n\t\t\t\t\t\t\t<\/div>","protected":false},"excerpt":{"rendered":"","protected":false},"author":1,"featured_media":0,"parent":0,"menu_order":0,"comment_status":"closed","ping_status":"closed","template":"","meta":{"footnotes":"","_links_to":"","_links_to_target":""},"class_list":["post-600","page","type-page","status-publish","hentry"],"_links":{"self":[{"href":"https:\/\/avocat-ancel.com\/en\/wp-json\/wp\/v2\/pages\/600","targetHints":{"allow":["GET"]}}],"collection":[{"href":"https:\/\/avocat-ancel.com\/en\/wp-json\/wp\/v2\/pages"}],"about":[{"href":"https:\/\/avocat-ancel.com\/en\/wp-json\/wp\/v2\/types\/page"}],"author":[{"embeddable":true,"href":"https:\/\/avocat-ancel.com\/en\/wp-json\/wp\/v2\/users\/1"}],"replies":[{"embeddable":true,"href":"https:\/\/avocat-ancel.com\/en\/wp-json\/wp\/v2\/comments?post=600"}],"version-history":[{"count":10,"href":"https:\/\/avocat-ancel.com\/en\/wp-json\/wp\/v2\/pages\/600\/revisions"}],"predecessor-version":[{"id":1179,"href":"https:\/\/avocat-ancel.com\/en\/wp-json\/wp\/v2\/pages\/600\/revisions\/1179"}],"wp:attachment":[{"href":"https:\/\/avocat-ancel.com\/en\/wp-json\/wp\/v2\/media?parent=600"}],"curies":[{"name":"wp","href":"https:\/\/api.w.org\/{rel}","templated":true}]}}