{"id":586,"date":"2021-08-05T08:44:25","date_gmt":"2021-08-05T08:44:25","guid":{"rendered":"http:\/\/localhost\/wordpress\/divorces-copy\/"},"modified":"2023-07-23T19:54:38","modified_gmt":"2023-07-23T19:54:38","slug":"prestation-compensatoire","status":"publish","type":"page","link":"https:\/\/avocat-ancel.com\/en\/prestation-compensatoire\/","title":{"rendered":"Prestation compensatoire"},"content":{"rendered":"<div data-elementor-type=\"wp-page\" data-elementor-id=\"586\" class=\"elementor elementor-586\">\n\t\t\t\t\t\t\t\t\t<section class=\"elementor-section elementor-top-section elementor-element elementor-element-69f13ab elementor-section-boxed elementor-section-height-default elementor-section-height-default\" data-id=\"69f13ab\" data-element_type=\"section\">\n\t\t\t\t\t\t<div class=\"elementor-container elementor-column-gap-default\">\n\t\t\t\t\t<div class=\"elementor-column elementor-col-100 elementor-top-column elementor-element elementor-element-8161b36\" data-id=\"8161b36\" data-element_type=\"column\">\n\t\t\t<div class=\"elementor-widget-wrap elementor-element-populated\">\n\t\t\t\t\t\t\t\t<div class=\"elementor-element elementor-element-cc7d4dd elementor-widget elementor-widget-text-editor\" data-id=\"cc7d4dd\" data-element_type=\"widget\" data-widget_type=\"text-editor.default\">\n\t\t\t\t<div class=\"elementor-widget-container\">\n\t\t\t\t\t\t\t<p><img loading=\"lazy\" decoding=\"async\" class=\"size-medium wp-image-916 alignleft\" src=\"https:\/\/avocat-ancel.fr\/wp-content\/uploads\/2021\/09\/prestation-compensatoire-300x200.jpeg\" alt=\"\" width=\"300\" height=\"200\" srcset=\"https:\/\/avocat-ancel.com\/wp-content\/uploads\/2021\/09\/prestation-compensatoire-300x200.jpeg 300w, https:\/\/avocat-ancel.com\/wp-content\/uploads\/2021\/09\/prestation-compensatoire-16x12.jpeg 16w, https:\/\/avocat-ancel.com\/wp-content\/uploads\/2021\/09\/prestation-compensatoire.jpeg 612w\" sizes=\"auto, (max-width: 300px) 100vw, 300px\" \/><\/p><h3>\u00a0<\/h3><h3 style=\"text-align: left;\">Vous souhaitez :<\/h3><h3>-Augmenter fortement<\/h3><h3>-Supprimer<\/h3><h3>-Reviser \u00e0 la baisse votre prestation compensatoire<\/h3><h3>-Augmenter ou r\u00e9viser le devoir de secours de l&rsquo;\u00e9pouse devant la Cour d&rsquo;appel<\/h3><h3>Dans le cadre d&rsquo;une convention de divorce homologu\u00e9e ou suite \u00e0 un jugement de divorce, la jurisprudence de la Cour de Cassation permet de r\u00e9viser la prestation compensatoire sous certaines conditions. Le Code civil pr\u00e9voit \u00e9galement cette possibilit\u00e9 dans certains de ses articles.<\/h3><h3><strong>Pr\u00e9parer un dossier solide permet un bon retour sur investissement et d&rsquo;obtenir une forte prestation compensatoire<\/strong>.<\/h3><h4><strong>Me ANCEL est intervenu dans des dossiers avec forte prestation compensatoire. Il maitrise les questions de prestation compensatoire en France et aux Etats-Unis, mais aussi dans plusieurs pays.<\/strong><\/h4><p><img loading=\"lazy\" decoding=\"async\" class=\"alignnone size-full-slider wp-image-2060\" src=\"https:\/\/avocat-ancel.fr\/wp-content\/uploads\/2023\/04\/IMG_91281-640x380.jpg\" alt=\"Avocat prestation compensatoire\" width=\"640\" height=\"380\" \/><\/p><h3><strong>Si vous souhaitez augmenter la pension alimentaire des enfants en raison du cout des \u00e9tudes ( Ecole Alsacienne, HEC, Ecoles d&rsquo;ing\u00e9nieur, LLM ), Me ANCEL pourra intervenir.<\/strong><\/h3><h3>Maitre ANCEL a \u00e9crit des articles sur la prestation compensatoire en France et aux Etats-Unis.<\/h3><h3>\u00ab\u00a0La prestation compensatoire aux \u00c9tats-Unis : essor ou d\u00e9clin ?\u00a0\u00bb, revue Dalloz, Actualit\u00e9 Juridique Famille.<\/h3><h3>Il a obtenu des prestations compensatoires en capital de plus 570 000 euros.<\/h3><h3>Pour plus de d\u00e9tails, Contactez Maitre ANCEL au 07 67 72 53 87.<\/h3><h3>&#8230;&#8230;&#8230;&#8230;&#8230;&#8230;&#8230;&#8230;&#8230;&#8230;&#8230;&#8230;&#8230;&#8230;&#8230;<\/h3><h3>You wish :<\/h3><h3>-Strongly increase<br \/>-To cancel\u00a0<\/h3><h3>&#8211; Revise your compensatory allowance downwards<\/h3><h3>In the context of an approved divorce agreement or following a divorce judgment, the case law of the Court of Cassation allows the compensatory allowance to be revised under certain conditions. The Civil Code also provides for this possibility in some of its articles.<\/h3><h3>Preparing a solid file allows a good return on investment and to obtain a strong compensatory benefit.<\/h3><h3>If you want to increase child support because of the cost of studies (Alsacian School, HEC, Engineering Schools, LLM), Me ANCEL can intervene.<\/h3><h3>For more details, contact Ma\u00eetre ANCEL on 07 67 72 53 87.<\/h3><h3><strong>He obtained capital compensatory benefits of more than 570,000 euros.<\/strong><\/h3><h3>\u00a0<\/h3>\t\t\t\t\t\t<\/div>\n\t\t\t\t<\/div>\n\t\t\t\t\t<\/div>\n\t\t<\/div>\n\t\t\t\t\t\t\t<\/div>\n\t\t<\/section>\n\t\t\t\t\t\t\t<\/div>","protected":false},"excerpt":{"rendered":"<p>\u00a0 Vous souhaitez : -Augmenter fortement -Supprimer -Reviser \u00e0 la baisse votre prestation compensatoire -Augmenter ou r\u00e9viser le devoir de secours de l&rsquo;\u00e9pouse devant la Cour d&rsquo;appel Dans le cadre d&rsquo;une convention de divorce homologu\u00e9e ou suite \u00e0 un jugement de divorce, la jurisprudence de la Cour de Cassation permet de r\u00e9viser la prestation compensatoire&#8230; <\/p>\n<div class=\"clear\"><\/div>\n<p><a href=\"https:\/\/avocat-ancel.com\/en\/prestation-compensatoire\/\" class=\"excerpt-read-more\">Read More<\/a><\/p>","protected":false},"author":1,"featured_media":0,"parent":0,"menu_order":0,"comment_status":"closed","ping_status":"closed","template":"","meta":{"footnotes":"","_links_to":"","_links_to_target":""},"class_list":["post-586","page","type-page","status-publish","hentry"],"_links":{"self":[{"href":"https:\/\/avocat-ancel.com\/en\/wp-json\/wp\/v2\/pages\/586","targetHints":{"allow":["GET"]}}],"collection":[{"href":"https:\/\/avocat-ancel.com\/en\/wp-json\/wp\/v2\/pages"}],"about":[{"href":"https:\/\/avocat-ancel.com\/en\/wp-json\/wp\/v2\/types\/page"}],"author":[{"embeddable":true,"href":"https:\/\/avocat-ancel.com\/en\/wp-json\/wp\/v2\/users\/1"}],"replies":[{"embeddable":true,"href":"https:\/\/avocat-ancel.com\/en\/wp-json\/wp\/v2\/comments?post=586"}],"version-history":[{"count":10,"href":"https:\/\/avocat-ancel.com\/en\/wp-json\/wp\/v2\/pages\/586\/revisions"}],"predecessor-version":[{"id":2196,"href":"https:\/\/avocat-ancel.com\/en\/wp-json\/wp\/v2\/pages\/586\/revisions\/2196"}],"wp:attachment":[{"href":"https:\/\/avocat-ancel.com\/en\/wp-json\/wp\/v2\/media?parent=586"}],"curies":[{"name":"wp","href":"https:\/\/api.w.org\/{rel}","templated":true}]}}