{"id":385,"date":"2021-06-28T09:39:49","date_gmt":"2021-06-28T09:39:49","guid":{"rendered":"http:\/\/localhost\/wordpress\/?page_id=385"},"modified":"2024-09-17T18:25:23","modified_gmt":"2024-09-17T18:25:23","slug":"honoraires","status":"publish","type":"page","link":"https:\/\/avocat-ancel.com\/en\/honoraires\/","title":{"rendered":"Honoraires"},"content":{"rendered":"<div data-elementor-type=\"wp-page\" data-elementor-id=\"385\" class=\"elementor elementor-385\">\n\t\t\t\t\t\t\t\t\t<section class=\"elementor-section elementor-top-section elementor-element elementor-element-e528337 elementor-section-boxed elementor-section-height-default elementor-section-height-default\" data-id=\"e528337\" data-element_type=\"section\">\n\t\t\t\t\t\t<div class=\"elementor-container elementor-column-gap-default\">\n\t\t\t\t\t<div class=\"elementor-column elementor-col-100 elementor-top-column elementor-element elementor-element-2383a52\" data-id=\"2383a52\" data-element_type=\"column\">\n\t\t\t<div class=\"elementor-widget-wrap elementor-element-populated\">\n\t\t\t\t\t\t\t\t<div class=\"elementor-element elementor-element-95263aa elementor-widget__width-initial elementor-widget elementor-widget-text-editor\" data-id=\"95263aa\" data-element_type=\"widget\" data-widget_type=\"text-editor.default\">\n\t\t\t\t<div class=\"elementor-widget-container\">\n\t\t\t\t\t\t\t<h5><u>HONORAIRES<\/u><\/h5>\n<h5><strong>Le CABINET ANCEL allie comp\u00e9tence en droit de la famille et connaissance du droit applicable dans tous les pays.<\/strong><\/h5>\n<h5>Chez nous, le client trouve une certaine \u00e9coute lors du rendez vous.<\/h5>\n<h5>Pour les personnalit\u00e9s, un d\u00e9placement peut \u00eatre possible dans un souci de confidentialit\u00e9.<\/h5>\n<h5><u>Divorce English English EN<\/u><\/h5>\n<h5><strong><u>MAITRE ANCEL, UN AVOCAT A VOTRE ECOUTE<\/u><\/strong><\/h5>\n<h4>Le cabinet conseille et d\u00e9fend de nombreux clients par an dans toute la France et \u00e0 l&rsquo;\u00e9tranger. Docteur en droit, Maitre ANCEL enseigne le droit \u00e0 l&rsquo;universit\u00e9 et dans une \u00e9cole de commerce. Il est l&rsquo;auteur de nombreuses publications en droit de la famille au niveau international.<\/h4>\n<h4>&nbsp;Contactez-nous, vous serez rappel\u00e9s imm\u00e9diatement.<\/h4>\n<h4><strong>Vous souhaitez une consultation. Vous avez raison : parlez de son probl\u00e8me, c&rsquo;est commencer \u00e0 le r\u00e9soudre<\/strong>.&nbsp;<strong><u>La consultation est de 150 euros.<\/u><\/strong><\/h4>\n<h4><strong><span style=\"text-decoration: underline;\">Service premium<\/span><\/strong>. Pour les personnalit\u00e9s publiques ou VIP, possibilit\u00e9 de rencontrer les personnes sur Paris ou proche banlieue. La facturation sera pr\u00e9cis\u00e9e sur demande.&nbsp;<\/h4>\n<h4>Pour les consultations sur le droit applicable dans les pays \u00e9trangers ( Etats-Unis, Grande Bretagne, Russie, Italie, Espagne, Portugal, Japon, Chine, etc&#8230;) ou en anglais, en droit international priv\u00e9, <span style=\"text-decoration: underline;\">la consultation est factur\u00e9e \u00e0 partir de 200 euros ( pour 30 min), voire plus<\/span> selon la complexit\u00e9.<\/h4>\n<h4><span class=\"HwtZe\" lang=\"en\"><span class=\"jCAhz ChMk0b\"><span class=\"ryNqvb\">Consultations in English on questions of complex private international law or comparative French-American law, coupled with questions of liquidation of matrimonial property regimes with significant assets, are invoiced from 500 euros.<\/span><\/span> <span class=\"jCAhz ChMk0b\"><span class=\"ryNqvb\">The same applies to files coming after referral from the Court of Cassation.<\/span><\/span><\/span><\/h4>\n<h4>Hors consultation, le taux horaire pour les divorces commence \u00e0 360 euros HT.&nbsp;<\/h4>\n<h4>You want a consultation. You&rsquo;re right: talking about his problem is beginning to solve it. The consultation is 150 euros for a maximum of 45&nbsp; minutes.<\/h4>\n<h4>For consultations on the applicable law in foreign countries (United States, Great Britain, Russia, Italy, Spain, Portugal, Japan, China, etc.) or in English, the consultation starts at 200 euros and more depending of the complexity of the case.<\/h4>\n<h5>Le divorce amiable sur Paris, Nanterre, Cr\u00e9teil, Versailles, Bobigny, Pontoise, etc&#8230; est \u00e9tabli sur la base d&rsquo;un forfait. &nbsp;<\/h5>\n<h5><strong>Ma\u00eetre ANCEL plaide dans toute la France.<\/strong><strong>&nbsp;<\/strong><\/h5>\n<h5><strong>Pour les divorces conflictuels, les honoraires d\u00e9pendant du Tribunal comp\u00e9tent et de la complexit\u00e9 du dossier. Les frais d&rsquo;huissier demeurant \u00e0 votre charge.<\/strong><\/h5>\n<h5><strong><u>Changement de pr\u00e9nom et de nom<\/u><\/strong><\/h5>\n<h5><strong>&nbsp;Ma\u00eetre ANCEL a obtenu de nombreux succ\u00e8s en la mati\u00e8re.<\/strong><\/h5>\n<h5><strong>La consultation est de 150 euros&nbsp; HT pour le changement de pr\u00e9nom et de nom.<\/strong><\/h5>\n<h5><span style=\"color: #000000;\"><b>&nbsp;<\/b><\/span><\/h5>\n<h5><u><strong>Les m\u00e9dias et la presse<\/strong><\/u><\/h5>\n<h5><strong>Ma\u00eetre ANCEL a \u00e9t\u00e9 sollicit\u00e9 par de nombreux m\u00e9dias ainsi que par des associations pour participer \u00e0 des colloques.<\/strong><\/h5>\n<h5><strong>Il a r\u00e9dig\u00e9 plusieurs articles dans des revues juridiques, sur le droit \u00e0 l&rsquo;information, les violences conjugales en France et en Europe ainsi que sur les changements d&rsquo;\u00e9tat civil.&nbsp;<\/strong><\/h5>\n<h5><strong>Sur internet, Il a \u00e9crit un article sur le divorce amiable qui a rencontr\u00e9 un vif succ\u00e8s:<\/strong><\/h5>\n<h5><strong>(&nbsp;<\/strong><strong><a href=\"http:\/\/www.village-justice.com\/articles\/divorce-amiable,15896.html\">www.village-justice.com\/articles\/divorce-amiable,15896.html<\/a><\/strong><strong><span style=\"color: #000000;\">&nbsp;).<\/span><\/strong><\/h5>\n<h5><strong><span style=\"color: #000000;\">Sur le divorce rapide, voir :<\/span><\/strong><\/h5>\n<h5>( &nbsp;<a href=\"http:\/\/www.village-justice.com\/articles\/divorce-rapide,16046.html\">www.village-justice.com\/articles\/divorce-rapide,16046.html<\/a>&nbsp;)&nbsp;<\/h5>\n<h5><strong><span style=\"color: #000000;\">Pour une r\u00e9flexion r\u00e9cente sur la r\u00e9sidence altern\u00e9e, cf notre article &nbsp;:<\/span><\/strong><\/h5>\n<h5><strong><span style=\"color: #000000;\">(&nbsp;<\/span><\/strong><strong><a href=\"http:\/\/www.village-justice.com\/articles\/residence-alternee,15948.html\">www.village-justice.com\/articles\/residence-alternee,15948.html<\/a>&nbsp;)<\/strong><\/h5>\n<h5><strong>Sur les changements de noms, cf :<\/strong><\/h5>\n<h5>(&nbsp;<a href=\"http:\/\/www.village-justice.com\/articles\/Changer-ANCEL-Bruno-Avocat,16003.html\">www.village-justice.com\/articles\/Changer-ANCEL-Bruno-Avocat,16003.html<\/a>&nbsp;)<\/h5>\n<h5><strong>Sur la francisation du pr\u00e9nom&nbsp;<\/strong>:<\/h5>\n<h5><a href=\"http:\/\/www.village-justice.com\/articles\/francisation-prenom-ANCEL-Bruno,16106.html\">www.village-justice.com\/articles\/francisation-prenom-ANCEL-Bruno,16106.html<\/a><\/h5>\n<h5><strong>Sur les violences conjugales, cf&nbsp;<\/strong>:<\/h5>\n<h5><u>www.village-justice.com\/articles\/Violences-conjugales-ANCEL-Bruno-Avocat,16155.html<\/u><\/h5>\n<h5><strong>Voir \u00e9galement notre interview :<\/strong><\/h5>\n<h5><a id=\"yui_3_13_0_ym1_1_1391942426516_2326\" href=\"http:\/\/blog.lawcracy.com\/2014\/02\/03\/le-divorce-une-situation-complexe\/\" target=\"_blank\" rel=\"nofollow noopener\" shape=\"rect\">http:\/\/blog.lawcracy.com\/2014\/02\/03\/le-divorce-une-situation-complexe<\/a><\/h5>\n<h5><strong>Sur la pension alimentaire, voir&nbsp;<\/strong>:<\/h5>\n<h5><a href=\"http:\/\/www.village-justice.com\/articles\/Fixation-pension-alimentaire-ANCEL,16302.html\">www.village-justice.com\/articles\/Fixation-pension-alimentaire-ANCEL,16302.html<\/a><\/h5>\n<h5><strong>Sur le divorce pour faute :<\/strong><\/h5>\n<h5><a href=\"http:\/\/www.village-justice.com\/articles\/Divorce-faute-adult%C3%A8re-ANCEL-Bruno,16441.html\">www.village-justice.com\/articles\/Divorce-faute-adult\u00e8re-ANCEL-Bruno,16441.html<\/a><\/h5>\n<h5>Site inscrit dans la th\u00e9matique&nbsp;<a href=\"http:\/\/www.sites-internationaux.com\/francophone\/liste_sites\/categories\/categorie-avocat-0.html\">Avocat<\/a>&nbsp;dans l&rsquo;annuaire SITES INTERNATIONAUX<\/h5>\t\t\t\t\t\t<\/div>\n\t\t\t\t<\/div>\n\t\t\t\t\t<\/div>\n\t\t<\/div>\n\t\t\t\t\t\t\t<\/div>\n\t\t<\/section>\n\t\t\t\t\t\t\t<\/div>","protected":false},"excerpt":{"rendered":"<p>HONORAIRES Le CABINET ANCEL allie comp\u00e9tence en droit de la famille et connaissance du droit applicable dans tous les pays. Chez nous, le client trouve une certaine \u00e9coute lors du rendez vous. Pour les personnalit\u00e9s, un d\u00e9placement peut \u00eatre possible dans un souci de confidentialit\u00e9. Divorce MAITRE ANCEL, UN AVOCAT A VOTRE ECOUTE Le cabinet&#8230; <\/p>\n<div class=\"clear\"><\/div>\n<p><a href=\"https:\/\/avocat-ancel.com\/en\/honoraires\/\" class=\"excerpt-read-more\">Read More<\/a><\/p>","protected":false},"author":1,"featured_media":0,"parent":0,"menu_order":0,"comment_status":"closed","ping_status":"closed","template":"","meta":{"footnotes":"","_links_to":"","_links_to_target":""},"class_list":["post-385","page","type-page","status-publish","hentry"],"_links":{"self":[{"href":"https:\/\/avocat-ancel.com\/en\/wp-json\/wp\/v2\/pages\/385","targetHints":{"allow":["GET"]}}],"collection":[{"href":"https:\/\/avocat-ancel.com\/en\/wp-json\/wp\/v2\/pages"}],"about":[{"href":"https:\/\/avocat-ancel.com\/en\/wp-json\/wp\/v2\/types\/page"}],"author":[{"embeddable":true,"href":"https:\/\/avocat-ancel.com\/en\/wp-json\/wp\/v2\/users\/1"}],"replies":[{"embeddable":true,"href":"https:\/\/avocat-ancel.com\/en\/wp-json\/wp\/v2\/comments?post=385"}],"version-history":[{"count":10,"href":"https:\/\/avocat-ancel.com\/en\/wp-json\/wp\/v2\/pages\/385\/revisions"}],"predecessor-version":[{"id":2454,"href":"https:\/\/avocat-ancel.com\/en\/wp-json\/wp\/v2\/pages\/385\/revisions\/2454"}],"wp:attachment":[{"href":"https:\/\/avocat-ancel.com\/en\/wp-json\/wp\/v2\/media?parent=385"}],"curies":[{"name":"wp","href":"https:\/\/api.w.org\/{rel}","templated":true}]}}