{"id":384,"date":"2021-06-28T09:39:49","date_gmt":"2021-06-28T09:39:49","guid":{"rendered":"http:\/\/localhost\/wordpress\/?page_id=384"},"modified":"2021-10-14T20:16:32","modified_gmt":"2021-10-14T20:16:32","slug":"bibliographie","status":"publish","type":"page","link":"https:\/\/avocat-ancel.com\/en\/bibliographie\/","title":{"rendered":"Bibliographie"},"content":{"rendered":"<div data-elementor-type=\"wp-page\" data-elementor-id=\"384\" class=\"elementor elementor-384\">\n\t\t\t\t\t\t\t\t\t<section class=\"elementor-section elementor-top-section elementor-element elementor-element-9172e36 elementor-section-boxed elementor-section-height-default elementor-section-height-default\" data-id=\"9172e36\" data-element_type=\"section\">\n\t\t\t\t\t\t<div class=\"elementor-container elementor-column-gap-default\">\n\t\t\t\t\t<div class=\"elementor-column elementor-col-100 elementor-top-column elementor-element elementor-element-7a4b2da\" data-id=\"7a4b2da\" data-element_type=\"column\">\n\t\t\t<div class=\"elementor-widget-wrap elementor-element-populated\">\n\t\t\t\t\t\t\t\t<div class=\"elementor-element elementor-element-a1e25e9 elementor-posts--thumbnail-none elementor-grid-3 elementor-grid-tablet-2 elementor-grid-mobile-1 elementor-card-shadow-yes elementor-posts__hover-gradient elementor-widget elementor-widget-posts\" data-id=\"a1e25e9\" data-element_type=\"widget\" data-settings=\"{&quot;pagination_type&quot;:&quot;numbers&quot;,&quot;cards_row_gap&quot;:{&quot;unit&quot;:&quot;px&quot;,&quot;size&quot;:33,&quot;sizes&quot;:[]},&quot;cards_columns&quot;:&quot;3&quot;,&quot;cards_columns_tablet&quot;:&quot;2&quot;,&quot;cards_columns_mobile&quot;:&quot;1&quot;,&quot;cards_row_gap_tablet&quot;:{&quot;unit&quot;:&quot;px&quot;,&quot;size&quot;:&quot;&quot;,&quot;sizes&quot;:[]},&quot;cards_row_gap_mobile&quot;:{&quot;unit&quot;:&quot;px&quot;,&quot;size&quot;:&quot;&quot;,&quot;sizes&quot;:[]}}\" data-widget_type=\"posts.cards\">\n\t\t\t\t<div class=\"elementor-widget-container\">\n\t\t\t\t\t<div class=\"elementor-posts-container elementor-posts elementor-posts--skin-cards elementor-grid\">\n\t\t\t\t<article class=\"elementor-post elementor-grid-item post-1161 post type-post status-publish format-standard hentry category-bibliographie\">\n\t\t\t<div class=\"elementor-post__card\">\n\t\t\t\t<div class=\"elementor-post__text\">\n\t\t\t\t<h3 class=\"elementor-post__title\">\n\t\t\t<a href=\"https:\/\/avocat-ancel.fr\/wp-content\/uploads\/2021\/10\/le-de\u0301fi-des-violences-conjugales-.pdf\" >\n\t\t\t\tLe de\u0301fi des violences conjugales au XXI \u00e8me si\u00e8cle : justice restaurative ou punitive ?\t\t\t<\/a>\n\t\t<\/h3>\n\t\t\t\t<div class=\"elementor-post__excerpt\">\n\t\t\t<p>Revue Juridique Personnes et Famille, ed. Lamy, avril 2019<\/p>\n\t\t<\/div>\n\t\t\n\t\t<a class=\"elementor-post__read-more\" href=\"https:\/\/avocat-ancel.fr\/wp-content\/uploads\/2021\/10\/le-de\u0301fi-des-violences-conjugales-.pdf\" aria-label=\"Read more about Le de\u0301fi des violences conjugales au XXI \u00e8me si\u00e8cle : justice restaurative ou punitive ?\" >\n\t\t\tT\u00c9L\u00c9CHARGER LE PDF\t\t<\/a>\n\n\t\t\t\t<\/div>\n\t\t\t\t<div class=\"elementor-post__meta-data\">\n\t\t\t\t\t<span class=\"elementor-post-date\">\n\t\t\tOctober 13, 2021\t\t<\/span>\n\t\t\t\t<\/div>\n\t\t\t\t\t<\/div>\n\t\t<\/article>\n\t\t\t\t<article class=\"elementor-post elementor-grid-item post-1157 post type-post status-publish format-standard hentry category-bibliographie\">\n\t\t\t<div class=\"elementor-post__card\">\n\t\t\t\t<div class=\"elementor-post__text\">\n\t\t\t\t<h3 class=\"elementor-post__title\">\n\t\t\t<a href=\"https:\/\/avocat-ancel.fr\/wp-content\/uploads\/2021\/10\/la-prestation-compensatoire-aux-Etats-Unis.pdf\" >\n\t\t\t\tLa prestation compensatoire aux Etats-Unis\t\t\t<\/a>\n\t\t<\/h3>\n\t\t\t\t<div class=\"elementor-post__excerpt\">\n\t\t\t<p>Actualit\u00e9 Juridique Famille, Dalloz, novembre 2014, p.623 et s.<\/p>\n\t\t<\/div>\n\t\t\n\t\t<a class=\"elementor-post__read-more\" href=\"https:\/\/avocat-ancel.fr\/wp-content\/uploads\/2021\/10\/la-prestation-compensatoire-aux-Etats-Unis.pdf\" aria-label=\"Read more about La prestation compensatoire aux Etats-Unis\" >\n\t\t\tT\u00c9L\u00c9CHARGER LE PDF\t\t<\/a>\n\n\t\t\t\t<\/div>\n\t\t\t\t<div class=\"elementor-post__meta-data\">\n\t\t\t\t\t<span class=\"elementor-post-date\">\n\t\t\tOctober 13, 2021\t\t<\/span>\n\t\t\t\t<\/div>\n\t\t\t\t\t<\/div>\n\t\t<\/article>\n\t\t\t\t<article class=\"elementor-post elementor-grid-item post-1153 post type-post status-publish format-standard hentry category-bibliographie\">\n\t\t\t<div class=\"elementor-post__card\">\n\t\t\t\t<div class=\"elementor-post__text\">\n\t\t\t\t<h3 class=\"elementor-post__title\">\n\t\t\t<a href=\"https:\/\/avocat-ancel.fr\/wp-content\/uploads\/2021\/10\/ordonnance-de-protection-1-1.pdf\" >\n\t\t\t\tL\u2019ordonnance de protection\t\t\t<\/a>\n\t\t<\/h3>\n\t\t\t\t<div class=\"elementor-post__excerpt\">\n\t\t\t<p>Les Petites Affiches du 7 juin 2013 p.4-8<\/p>\n\t\t<\/div>\n\t\t\n\t\t<a class=\"elementor-post__read-more\" href=\"https:\/\/avocat-ancel.fr\/wp-content\/uploads\/2021\/10\/ordonnance-de-protection-1-1.pdf\" aria-label=\"Read more about L\u2019ordonnance de protection\" >\n\t\t\tT\u00c9L\u00c9CHARGER LE PDF\t\t<\/a>\n\n\t\t\t\t<\/div>\n\t\t\t\t<div class=\"elementor-post__meta-data\">\n\t\t\t\t\t<span class=\"elementor-post-date\">\n\t\t\tOctober 13, 2021\t\t<\/span>\n\t\t\t\t<\/div>\n\t\t\t\t\t<\/div>\n\t\t<\/article>\n\t\t\t\t<article class=\"elementor-post elementor-grid-item post-1148 post type-post status-publish format-standard hentry category-bibliographie\">\n\t\t\t<div class=\"elementor-post__card\">\n\t\t\t\t<div class=\"elementor-post__text\">\n\t\t\t\t<h3 class=\"elementor-post__title\">\n\t\t\t<a href=\"https:\/\/avocat-ancel.fr\/wp-content\/uploads\/2021\/10\/pub-inte\u0301re\u0302t-de-lenfant-1-1.pdf\" >\n\t\t\t\tL&rsquo;int\u00e9r\u00eat sup\u00e9rieur de l&rsquo;enfant : entre paternalisme et autonomie\t\t\t<\/a>\n\t\t<\/h3>\n\t\t\t\t<div class=\"elementor-post__excerpt\">\n\t\t\t<p>LPA, 27 mars 2014, p.5 et s.<\/p>\n\t\t<\/div>\n\t\t\n\t\t<a class=\"elementor-post__read-more\" href=\"https:\/\/avocat-ancel.fr\/wp-content\/uploads\/2021\/10\/pub-inte\u0301re\u0302t-de-lenfant-1-1.pdf\" aria-label=\"Read more about L&rsquo;int\u00e9r\u00eat sup\u00e9rieur de l&rsquo;enfant : entre paternalisme et autonomie\" >\n\t\t\tT\u00c9L\u00c9CHARGER LE PDF\t\t<\/a>\n\n\t\t\t\t<\/div>\n\t\t\t\t<div class=\"elementor-post__meta-data\">\n\t\t\t\t\t<span class=\"elementor-post-date\">\n\t\t\tOctober 13, 2021\t\t<\/span>\n\t\t\t\t<\/div>\n\t\t\t\t\t<\/div>\n\t\t<\/article>\n\t\t\t\t<article class=\"elementor-post elementor-grid-item post-1142 post type-post status-publish format-standard hentry category-bibliographie\">\n\t\t\t<div class=\"elementor-post__card\">\n\t\t\t\t<div class=\"elementor-post__text\">\n\t\t\t\t<h3 class=\"elementor-post__title\">\n\t\t\t<a href=\"https:\/\/avocat-ancel.fr\/wp-content\/uploads\/2021\/10\/Revue-Famille-pension-alimentaire-1.pdf\" >\n\t\t\t\tR\u00e8glement de la pension alimentaire : solidarit\u00e9 affective ou consanguine ?,                 comparaison France, Etats-Unis, Canada. Observations sous l\u2019arr\u00eat  de la Cour de Cassation du 21 octobre 2015\t\t\t<\/a>\n\t\t<\/h3>\n\t\t\t\t<div class=\"elementor-post__excerpt\">\n\t\t\t<p>JCP Famille F\u00e9vrier 2016<\/p>\n\t\t<\/div>\n\t\t\n\t\t<a class=\"elementor-post__read-more\" href=\"https:\/\/avocat-ancel.fr\/wp-content\/uploads\/2021\/10\/Revue-Famille-pension-alimentaire-1.pdf\" aria-label=\"Read more about R\u00e8glement de la pension alimentaire : solidarit\u00e9 affective ou consanguine ?,                 comparaison France, Etats-Unis, Canada. Observations sous l\u2019arr\u00eat  de la Cour de Cassation du 21 octobre 2015\" >\n\t\t\tT\u00c9L\u00c9CHARGER LE PDF\t\t<\/a>\n\n\t\t\t\t<\/div>\n\t\t\t\t<div class=\"elementor-post__meta-data\">\n\t\t\t\t\t<span class=\"elementor-post-date\">\n\t\t\tOctober 13, 2021\t\t<\/span>\n\t\t\t\t<\/div>\n\t\t\t\t\t<\/div>\n\t\t<\/article>\n\t\t\t\t<article class=\"elementor-post elementor-grid-item post-1126 post type-post status-publish format-standard hentry category-bibliographie\">\n\t\t\t<div class=\"elementor-post__card\">\n\t\t\t\t<div class=\"elementor-post__text\">\n\t\t\t\t<h3 class=\"elementor-post__title\">\n\t\t\t<a href=\"https:\/\/avocat-ancel.fr\/wp-content\/uploads\/2021\/10\/Cyberse\u0301ducteur-1.pdf\" >\n\t\t\t\tCybers\u00e9ducteur : des filets de l&rsquo;infid\u00e9lit\u00e9 aux mailles de la justice ?\t\t\t<\/a>\n\t\t<\/h3>\n\t\t\t\t<div class=\"elementor-post__excerpt\">\n\t\t\t<p>Revue Lamy droit des personnes, avril 2020 &nbsp;<\/p>\n\t\t<\/div>\n\t\t\n\t\t<a class=\"elementor-post__read-more\" href=\"https:\/\/avocat-ancel.fr\/wp-content\/uploads\/2021\/10\/Cyberse\u0301ducteur-1.pdf\" aria-label=\"Read more about Cybers\u00e9ducteur : des filets de l&rsquo;infid\u00e9lit\u00e9 aux mailles de la justice ?\" >\n\t\t\tT\u00c9L\u00c9CHARGER LE PDF\t\t<\/a>\n\n\t\t\t\t<\/div>\n\t\t\t\t<div class=\"elementor-post__meta-data\">\n\t\t\t\t\t<span class=\"elementor-post-date\">\n\t\t\tOctober 12, 2021\t\t<\/span>\n\t\t\t\t<\/div>\n\t\t\t\t\t<\/div>\n\t\t<\/article>\n\t\t\t\t<article class=\"elementor-post elementor-grid-item post-1120 post type-post status-publish format-standard hentry category-bibliographie\">\n\t\t\t<div class=\"elementor-post__card\">\n\t\t\t\t<div class=\"elementor-post__text\">\n\t\t\t\t<h3 class=\"elementor-post__title\">\n\t\t\t<a href=\"https:\/\/avocat-ancel.fr\/wp-content\/uploads\/2021\/10\/violences-conjugales-en-europe.pdf\" >\n\t\t\t\tLes violences conjugales saisies par le droit europ\u00e9en : \u00e9volution ou r\u00e9volution ?\t\t\t<\/a>\n\t\t<\/h3>\n\t\t\t\t<div class=\"elementor-post__excerpt\">\n\t\t\t<p>Revue trimestrielle de droit europ\u00e9en, Dalloz, p.701 et s, d\u00e9cembre 2013&nbsp;<\/p>\n\t\t<\/div>\n\t\t\n\t\t<a class=\"elementor-post__read-more\" href=\"https:\/\/avocat-ancel.fr\/wp-content\/uploads\/2021\/10\/violences-conjugales-en-europe.pdf\" aria-label=\"Read more about Les violences conjugales saisies par le droit europ\u00e9en : \u00e9volution ou r\u00e9volution ?\" >\n\t\t\tT\u00c9L\u00c9CHARGER LE PDF\t\t<\/a>\n\n\t\t\t\t<\/div>\n\t\t\t\t<div class=\"elementor-post__meta-data\">\n\t\t\t\t\t<span class=\"elementor-post-date\">\n\t\t\tOctober 11, 2021\t\t<\/span>\n\t\t\t\t<\/div>\n\t\t\t\t\t<\/div>\n\t\t<\/article>\n\t\t\t\t<article class=\"elementor-post elementor-grid-item post-1111 post type-post status-publish format-standard hentry category-bibliographie\">\n\t\t\t<div class=\"elementor-post__card\">\n\t\t\t\t<div class=\"elementor-post__text\">\n\t\t\t\t<h3 class=\"elementor-post__title\">\n\t\t\t<a href=\"https:\/\/avocat-ancel.fr\/wp-content\/uploads\/2021\/10\/la-re\u0301sidence-alterne\u0301e.pdf\" >\n\t\t\t\tLa r\u00e9sidence altern\u00e9e : panac\u00e9e ou pis aller ?\t\t\t<\/a>\n\t\t<\/h3>\n\t\t\t\t<div class=\"elementor-post__excerpt\">\n\t\t\t<p>Actualit\u00e9 Juridique Famille, Dalloz, Avril 2015, p213 et s<\/p>\n\t\t<\/div>\n\t\t\n\t\t<a class=\"elementor-post__read-more\" href=\"https:\/\/avocat-ancel.fr\/wp-content\/uploads\/2021\/10\/la-re\u0301sidence-alterne\u0301e.pdf\" aria-label=\"Read more about La r\u00e9sidence altern\u00e9e : panac\u00e9e ou pis aller ?\" >\n\t\t\tT\u00c9L\u00c9CHARGER LE PDF\t\t<\/a>\n\n\t\t\t\t<\/div>\n\t\t\t\t<div class=\"elementor-post__meta-data\">\n\t\t\t\t\t<span class=\"elementor-post-date\">\n\t\t\tOctober 11, 2021\t\t<\/span>\n\t\t\t\t<\/div>\n\t\t\t\t\t<\/div>\n\t\t<\/article>\n\t\t\t\t<\/div>\n\t\t\n\t\t\t\t<\/div>\n\t\t\t\t<\/div>\n\t\t\t\t\t<\/div>\n\t\t<\/div>\n\t\t\t\t\t\t\t<\/div>\n\t\t<\/section>\n\t\t\t\t\t\t\t<\/div>","protected":false},"excerpt":{"rendered":"","protected":false},"author":1,"featured_media":0,"parent":0,"menu_order":0,"comment_status":"closed","ping_status":"closed","template":"","meta":{"footnotes":"","_links_to":"","_links_to_target":""},"class_list":["post-384","page","type-page","status-publish","hentry"],"_links":{"self":[{"href":"https:\/\/avocat-ancel.com\/en\/wp-json\/wp\/v2\/pages\/384","targetHints":{"allow":["GET"]}}],"collection":[{"href":"https:\/\/avocat-ancel.com\/en\/wp-json\/wp\/v2\/pages"}],"about":[{"href":"https:\/\/avocat-ancel.com\/en\/wp-json\/wp\/v2\/types\/page"}],"author":[{"embeddable":true,"href":"https:\/\/avocat-ancel.com\/en\/wp-json\/wp\/v2\/users\/1"}],"replies":[{"embeddable":true,"href":"https:\/\/avocat-ancel.com\/en\/wp-json\/wp\/v2\/comments?post=384"}],"version-history":[{"count":11,"href":"https:\/\/avocat-ancel.com\/en\/wp-json\/wp\/v2\/pages\/384\/revisions"}],"predecessor-version":[{"id":1189,"href":"https:\/\/avocat-ancel.com\/en\/wp-json\/wp\/v2\/pages\/384\/revisions\/1189"}],"wp:attachment":[{"href":"https:\/\/avocat-ancel.com\/en\/wp-json\/wp\/v2\/media?parent=384"}],"curies":[{"name":"wp","href":"https:\/\/api.w.org\/{rel}","templated":true}]}}